{"id":102,"date":"2022-01-12T11:34:31","date_gmt":"2022-01-12T10:34:31","guid":{"rendered":"https:\/\/euro-techniek.nl\/?page_id=102"},"modified":"2026-03-26T16:05:14","modified_gmt":"2026-03-26T15:05:14","slug":"uber-uns","status":"publish","type":"page","link":"https:\/\/euro-techniek.nl\/de\/over-ons\/","title":{"rendered":"\u00dcber uns"},"content":{"rendered":"<section class=\"l-section wpb_row us_custom_b710dbbf height_large color_primary with_img\"><div class=\"l-section-img\" role=\"img\" aria-label=\"Bild\" data-img-width=\"2560\" data-img-height=\"516\" style=\"background-image: url(https:\/\/euro-techniek.nl\/wp-content\/uploads\/2025\/07\/content-header-background-eurotechniek-scaled.jpg);\"><\/div><div class=\"l-section-h i-cf\"><div class=\"g-cols vc_row via_flex valign_top type_default stacking_default\"><div class=\"vc_col-sm-6 wpb_column vc_column_container\"><div class=\"vc_column-inner\"><div class=\"wpb_wrapper\"><div class=\"w-text us_custom_012738b1 has_text_color\"><span class=\"w-text-h\"><span class=\"w-text-value\">\u00dcber uns<\/span><\/span><\/div><h1 class=\"w-text\"><span class=\"w-text-h\"><span class=\"w-text-value\">Euro-Techniek<\/span><\/span><\/h1><div class=\"w-separator size_small\"><\/div><div class=\"wpb_text_column\"><div class=\"wpb_wrapper\"><p>Seit 1962 liefern wir hochwertige Kunststoff- und Metallkomponenten und -baugruppen mit maximaler Kontrolle \u00fcber Qualit\u00e4t, Flexibilit\u00e4t und Kosten. Mit eigenem Werkzeugbau, Produktion und Montageunter einem Dach st\u00e4rken wir die Produktentwicklung und Lieferkette unserer Kunden - vom Prototyp bis zur Gro\u00dfserienfertigung.<\/p>\n<\/div><\/div><\/div><\/div><\/div><div class=\"vc_col-sm-6 wpb_column vc_column_container\"><div class=\"vc_column-inner\"><div class=\"wpb_wrapper\"><\/div><\/div><\/div><\/div><\/div><\/section><section class=\"l-section wpb_row section-lines height_large\"><div class=\"l-section-h i-cf\"><div class=\"g-cols vc_row via_flex valign_middle type_default stacking_default\"><div class=\"vc_col-sm-6 wpb_column vc_column_container\"><div class=\"vc_column-inner\"><div class=\"wpb_wrapper\"><div class=\"w-image align_none\"><div class=\"w-image-h\"><img decoding=\"async\" width=\"1024\" height=\"683\" src=\"https:\/\/euro-techniek.nl\/wp-content\/uploads\/2026\/02\/euro-techniek-rvm_0997-lr-1024x683.jpg\" class=\"attachment-large size-large\" alt=\"Twee mensen werken samen aan een machine.\" loading=\"lazy\" srcset=\"https:\/\/euro-techniek.nl\/wp-content\/uploads\/2026\/02\/euro-techniek-rvm_0997-lr-1024x683.jpg 1024w, https:\/\/euro-techniek.nl\/wp-content\/uploads\/2026\/02\/euro-techniek-rvm_0997-lr-300x200.jpg 300w, https:\/\/euro-techniek.nl\/wp-content\/uploads\/2026\/02\/euro-techniek-rvm_0997-lr-18x12.jpg 18w, https:\/\/euro-techniek.nl\/wp-content\/uploads\/2026\/02\/euro-techniek-rvm_0997-lr-450x300.jpg 450w, https:\/\/euro-techniek.nl\/wp-content\/uploads\/2026\/02\/euro-techniek-rvm_0997-lr-240x160.jpg 240w, https:\/\/euro-techniek.nl\/wp-content\/uploads\/2026\/02\/euro-techniek-rvm_0997-lr.jpg 1920w\" sizes=\"auto, (max-width: 1024px) 100vw, 1024px\" \/><\/div><\/div><\/div><\/div><\/div><div class=\"vc_col-sm-6 wpb_column vc_column_container\"><div class=\"vc_column-inner\"><div class=\"wpb_wrapper\"><h2 class=\"w-text\"><span class=\"w-text-h\"><span class=\"w-text-value\">Spritzen | Stanzen | Montage<\/span><\/span><\/h2><div class=\"w-separator size_small\"><\/div><div class=\"wpb_text_column\"><div class=\"wpb_wrapper\"><p>Als technischer Dienstleister liefern wir hochwertige Produkte aus unseren Spritzgie\u00df-, Stanz- und Montageanlagen (ggf. in Reinr\u00e4umen). Dabei richten wir uns exakt nach den Anforderungen unserer Kunden und \u00fcbertreffen vorzugsweise die Erwartungen an die Qualit\u00e4t. Mit eigenem Werkzeugbau, Reinr\u00e4umen und jahrzehntelangem Wissen und Erfahrung schaffen wir einen Mehrwert.<\/p>\n<p>Wir produzieren f\u00fcr (inter)nationale Kunden in verschiedenen Gr\u00f6\u00dfenordnungen: von Prototypen und Kleinserien bis hin zu Gro\u00dfserien in mehrj\u00e4hrigen Projekten. Dank unseres Know-hows und unserer Produktionskapazit\u00e4ten k\u00f6nnen wir von einem erfolgreichen Prototyp aus m\u00fchelos expandieren. Mit 9.950 m2 Produktionsfl\u00e4che, einem beeindruckenden Maschinenpark und vor allem den richtigen Mitarbeitern im Haus machen wir jedes Projekt zu einem Erfolg. Technisch ausgereift und mit einer ausgezeichneten Kapitalrendite.<\/p>\n<\/div><\/div><\/div><\/div><\/div><\/div><\/div><\/section><section class=\"l-section wpb_row section-lines height_large\"><div class=\"l-section-h i-cf\"><div class=\"g-cols vc_row via_flex valign_middle type_default stacking_default\"><div class=\"vc_col-sm-6 wpb_column vc_column_container\"><div class=\"vc_column-inner\"><div class=\"wpb_wrapper\"><h2 class=\"w-text\"><span class=\"w-text-h\"><span class=\"w-text-value\">Marktsegmente<\/span><\/span><\/h2><div class=\"w-separator size_small\"><\/div><div class=\"wpb_text_column\"><div class=\"wpb_wrapper\"><p>Wir arbeiten unter anderem f\u00fcr die Automobilindustrie, die Medizintechnik, die R\u00fcstungsindustrie, die Elektrotechnik, die High-Tech-Ausr\u00fcstung und die industrielle Automatisierung. Ist Ihre Branche hier nicht aufgef\u00fchrt? Z\u00f6gern Sie nicht, uns zu kontaktieren. Wir w\u00fcrden uns freuen, die M\u00f6glichkeiten einer Zusammenarbeit mit Ihnen auszuloten.<\/p>\n<\/div><\/div><\/div><\/div><\/div><div class=\"vc_col-sm-6 wpb_column vc_column_container\"><div class=\"vc_column-inner\"><div class=\"wpb_wrapper\"><div class=\"w-image align_none\"><div class=\"w-image-h\"><img decoding=\"async\" width=\"1024\" height=\"683\" src=\"https:\/\/euro-techniek.nl\/wp-content\/uploads\/2026\/02\/euro-techniek-rvm_1359-lr-1024x683.jpg\" class=\"attachment-large size-large\" alt=\"Mensen bespreken gegevens op computerscherm in kantooromgeving.\" loading=\"lazy\" srcset=\"https:\/\/euro-techniek.nl\/wp-content\/uploads\/2026\/02\/euro-techniek-rvm_1359-lr-1024x683.jpg 1024w, https:\/\/euro-techniek.nl\/wp-content\/uploads\/2026\/02\/euro-techniek-rvm_1359-lr-300x200.jpg 300w, https:\/\/euro-techniek.nl\/wp-content\/uploads\/2026\/02\/euro-techniek-rvm_1359-lr-18x12.jpg 18w, https:\/\/euro-techniek.nl\/wp-content\/uploads\/2026\/02\/euro-techniek-rvm_1359-lr-450x300.jpg 450w, https:\/\/euro-techniek.nl\/wp-content\/uploads\/2026\/02\/euro-techniek-rvm_1359-lr-240x160.jpg 240w, https:\/\/euro-techniek.nl\/wp-content\/uploads\/2026\/02\/euro-techniek-rvm_1359-lr.jpg 1920w\" sizes=\"auto, (max-width: 1024px) 100vw, 1024px\" \/><\/div><\/div><\/div><\/div><\/div><\/div><\/div><\/section><section class=\"l-section wpb_row section-lines height_large\"><div class=\"l-section-h i-cf\"><div class=\"g-cols vc_row via_flex valign_middle type_default stacking_default\"><div class=\"vc_col-sm-6 wpb_column vc_column_container\"><div class=\"vc_column-inner\"><div class=\"wpb_wrapper\"><div class=\"w-image align_none\"><div class=\"w-image-h\"><img decoding=\"async\" width=\"1024\" height=\"683\" src=\"https:\/\/euro-techniek.nl\/wp-content\/uploads\/2026\/02\/euro-techniek-rvm_0743-lr-1024x683.jpg\" class=\"attachment-large size-large\" alt=\"Twee mannen bekijken plannen in werkplaats.\" loading=\"lazy\" srcset=\"https:\/\/euro-techniek.nl\/wp-content\/uploads\/2026\/02\/euro-techniek-rvm_0743-lr-1024x683.jpg 1024w, https:\/\/euro-techniek.nl\/wp-content\/uploads\/2026\/02\/euro-techniek-rvm_0743-lr-300x200.jpg 300w, https:\/\/euro-techniek.nl\/wp-content\/uploads\/2026\/02\/euro-techniek-rvm_0743-lr-18x12.jpg 18w, https:\/\/euro-techniek.nl\/wp-content\/uploads\/2026\/02\/euro-techniek-rvm_0743-lr-450x300.jpg 450w, https:\/\/euro-techniek.nl\/wp-content\/uploads\/2026\/02\/euro-techniek-rvm_0743-lr-240x160.jpg 240w, https:\/\/euro-techniek.nl\/wp-content\/uploads\/2026\/02\/euro-techniek-rvm_0743-lr.jpg 1920w\" sizes=\"auto, (max-width: 1024px) 100vw, 1024px\" \/><\/div><\/div><\/div><\/div><\/div><div class=\"vc_col-sm-6 wpb_column vc_column_container\"><div class=\"vc_column-inner\"><div class=\"wpb_wrapper\"><h2 class=\"w-text\"><span class=\"w-text-h\"><span class=\"w-text-value\">Vision<\/span><\/span><\/h2><div class=\"w-separator size_small\"><\/div><div class=\"wpb_text_column\"><div class=\"wpb_wrapper\"><p>Mit technologischer Kompetenz st\u00e4rken wir die Wettbewerbsf\u00e4higkeit unserer Kunden. Dies tun wir durch die L\u00f6sung innovativer, komplexer Herstellbarkeitsfragen in den Bereichen Stanzen und Spritzgie\u00dfen. Wir sind ein zuverl\u00e4ssiger, transparenter Fertigungspartner \u00fcber den gesamten Lebenszyklus eines Produktes.<\/p>\n<p>Wir glauben, dass es in der Fertigungsindustrie der Zukunft vor allem um wissensbasierte Innovation, Skalierbarkeit und intelligentes Kettenmanagement geht. Daher bauen wir unseren technisch f\u00fchrenden Produktionsstandort, an dem sich hochwertige (Fertigungs-)Prozesse gegenseitig verst\u00e4rken, kontinuierlich aus.<\/p>\n<\/div><\/div><\/div><\/div><\/div><\/div><\/div><\/section><section class=\"l-section wpb_row section-lines height_large\"><div class=\"l-section-h i-cf\"><div class=\"g-cols vc_row via_flex valign_middle type_default stacking_default\"><div class=\"vc_col-sm-6 wpb_column vc_column_container\"><div class=\"vc_column-inner\"><div class=\"wpb_wrapper\"><h2 class=\"w-text\"><span class=\"w-text-h\"><span class=\"w-text-value\">Mission<\/span><\/span><\/h2><div class=\"w-separator size_small\"><\/div><div class=\"wpb_text_column\"><div class=\"wpb_wrapper\"><p>Wir liefern hochwertige Kunststoff- und Metallkomponenten und -baugruppen. Mit Werkzeugbau, Spritzgie\u00dfen, Stanzen und (Reinraum-)Montage, Pr\u00fcfung und Verpackung unter einem Dach st\u00e4rken wir die Produktentwicklung und Lieferkette unserer Kunden.<\/p>\n<p>Wir bauen nachhaltige Partnerschaften mit unseren Kunden auf, in denen wir in einem fr\u00fchen Stadium mitdenken, bessere L\u00f6sungen finden, intelligent produzieren und effizient skalieren. Wir verk\u00fcrzen die Vorlaufzeiten, verringern die Risiken und sorgen f\u00fcr eine bessere Investitionsrendite. Vom Prototyp \u00fcber die Kleinserie bis zur Gro\u00dfserie: Unsere Kunden k\u00f6nnen sich auf technische Kompetenz, kontinuierliche Qualit\u00e4t und Liefertreue verlassen. Wir schaffen Mehrwert in allem, was wir tun. Wir stehen f\u00fcr herstellbaren Erfolg.<\/p>\n<\/div><\/div><\/div><\/div><\/div><div class=\"vc_col-sm-6 wpb_column vc_column_container\"><div class=\"vc_column-inner\"><div class=\"wpb_wrapper\"><div class=\"w-image align_none\"><div class=\"w-image-h\"><img decoding=\"async\" width=\"1024\" height=\"683\" src=\"https:\/\/euro-techniek.nl\/wp-content\/uploads\/2026\/02\/euro-techniek-rvm_1339-lr-1024x683.jpg\" class=\"attachment-large size-large\" alt=\"\" loading=\"lazy\" srcset=\"https:\/\/euro-techniek.nl\/wp-content\/uploads\/2026\/02\/euro-techniek-rvm_1339-lr-1024x683.jpg 1024w, https:\/\/euro-techniek.nl\/wp-content\/uploads\/2026\/02\/euro-techniek-rvm_1339-lr-300x200.jpg 300w, https:\/\/euro-techniek.nl\/wp-content\/uploads\/2026\/02\/euro-techniek-rvm_1339-lr-18x12.jpg 18w, https:\/\/euro-techniek.nl\/wp-content\/uploads\/2026\/02\/euro-techniek-rvm_1339-lr-450x300.jpg 450w, https:\/\/euro-techniek.nl\/wp-content\/uploads\/2026\/02\/euro-techniek-rvm_1339-lr-240x160.jpg 240w, https:\/\/euro-techniek.nl\/wp-content\/uploads\/2026\/02\/euro-techniek-rvm_1339-lr.jpg 1920w\" sizes=\"auto, (max-width: 1024px) 100vw, 1024px\" \/><\/div><\/div><\/div><\/div><\/div><\/div><\/div><\/section><section class=\"l-section wpb_row section-lines height_large\"><div class=\"l-section-h i-cf\"><div class=\"g-cols vc_row via_flex valign_top type_default stacking_default\"><div class=\"vc_col-sm-12 wpb_column vc_column_container\"><div class=\"vc_column-inner\"><div class=\"wpb_wrapper\"><h2 class=\"w-text us_custom_eb849559\"><span class=\"w-text-h\"><span class=\"w-text-value\">Zertifizierungen<\/span><\/span><\/h2><div class=\"w-separator size_medium\"><\/div><div class=\"w-grid us_carousel overflow-slider type_carousel layout_3259 preload_style_spinner items_5\" id=\"us_grid_1\" style=\"--items:5;--gap:1rem;\"><style>.layout_3259 .w-grid-item-h{}<\/style><div class=\"w-grid-list owl-carousel valign_stretch dotstyle_circle navstyle_circle arrows-ver-pos_middle arrows-hor-pos_on_sides_outside arrows-disabled_hide owl-responsive-2000\" style=\"--transition-duration:350ms;\">\t<article class=\"w-grid-item post-3261 attachment type-attachment status-inherit\" data-id=\"3261\">\r\n\t\t<div class=\"w-grid-item-h\">\r\n\t\t\t\t\t\t\t<a target=\"_blank\" href=\"https:\/\/euro-techniek.nl\/wp-content\/uploads\/2025\/10\/0024592-500-qms-engus-rva.pdf\" class=\"w-grid-item-anchor\" aria-label=\"iso 9001 2015\"><\/a>\r\n\t\t\t\t\t\t<div class=\"w-post-elm post_image usg_post_image_1 contain-img has_ratio\"><img loading=\"lazy\" decoding=\"async\" width=\"1024\" height=\"936\" src=\"https:\/\/euro-techniek.nl\/wp-content\/uploads\/2025\/07\/iso_9001-2015-1024x936.png\" class=\"attachment-large size-large\" alt=\"\" \/><div style=\"padding-bottom:100%\"><\/div><\/div>\t\t<\/div>\r\n\t\t\t<\/article>\r\n\t<article class=\"w-grid-item post-3263 attachment type-attachment status-inherit\" data-id=\"3263\">\r\n\t\t<div class=\"w-grid-item-h\">\r\n\t\t\t\t\t\t\t<a target=\"_blank\" href=\"https:\/\/euro-techniek.nl\/wp-content\/uploads\/2025\/10\/0024590-13485-engus-ukas.pdf\" class=\"w-grid-item-anchor\" aria-label=\"Was ist ISO 13485?\"><\/a>\r\n\t\t\t\t\t\t<div class=\"w-post-elm post_image usg_post_image_1 contain-img has_ratio\"><img loading=\"lazy\" decoding=\"async\" width=\"947\" height=\"1024\" src=\"https:\/\/euro-techniek.nl\/wp-content\/uploads\/2025\/07\/what-is-iso-13485-947x1024.webp\" class=\"attachment-large size-large\" alt=\"ISO 13485 kwaliteitsmanagement certificaat logo\" \/><div style=\"padding-bottom:100%\"><\/div><\/div>\t\t<\/div>\r\n\t\t\t<\/article>\r\n\t<article class=\"w-grid-item post-3265 attachment type-attachment status-inherit\" data-id=\"3265\">\r\n\t\t<div class=\"w-grid-item-h\">\r\n\t\t\t\t\t\t\t<a target=\"_blank\" href=\"https:\/\/euro-techniek.nl\/wp-content\/uploads\/2025\/10\/00008288-001-16949-engus-iatf.pdf\" class=\"w-grid-item-anchor\" aria-label=\"logo iatf (1)\"><\/a>\r\n\t\t\t\t\t\t<div class=\"w-post-elm post_image usg_post_image_1 contain-img has_ratio\"><img loading=\"lazy\" decoding=\"async\" width=\"262\" height=\"262\" src=\"https:\/\/euro-techniek.nl\/wp-content\/uploads\/2025\/07\/logo-iatf-1.png\" class=\"attachment-large size-large\" alt=\"\" \/><div style=\"padding-bottom:100%\"><\/div><\/div>\t\t<\/div>\r\n\t\t\t<\/article>\r\n\t<article class=\"w-grid-item post-3718 attachment type-attachment status-inherit\" data-id=\"3718\">\r\n\t\t<div class=\"w-grid-item-h\">\r\n\t\t\t\t\t\t<div class=\"w-post-elm post_image usg_post_image_1 contain-img has_ratio\"><img loading=\"lazy\" decoding=\"async\" width=\"1024\" height=\"1024\" src=\"https:\/\/euro-techniek.nl\/wp-content\/uploads\/2026\/03\/csr-1024x1024.png\" class=\"attachment-large size-large\" alt=\"Ecovadis duurzaamheidsbeoordeling logo maart 2025\" \/><div style=\"padding-bottom:100%\"><\/div><\/div>\t\t<\/div>\r\n\t\t\t<\/article>\r\n<\/div><div class=\"w-grid-carousel-json hidden\" onclick='return {&quot;carousel_settings&quot;:{&quot;aria_labels&quot;:{&quot;prev&quot;:&quot;Zur\\u00fcck&quot;,&quot;next&quot;:&quot;Weiter&quot;},&quot;autoplayContinual&quot;:false,&quot;autoplayHoverPause&quot;:false,&quot;autoplayTimeout&quot;:3000,&quot;autoWidth&quot;:false,&quot;smartSpeed&quot;:350,&quot;margin&quot;:0,&quot;mouseDrag&quot;:true,&quot;rtl&quot;:false,&quot;slideBy&quot;:&quot;1&quot;,&quot;touchDrag&quot;:true,&quot;slideTransition&quot;:&quot;&quot;,&quot;responsive&quot;:{&quot;0&quot;:{&quot;autoHeight&quot;:false,&quot;autoplay&quot;:false,&quot;autoWidth&quot;:false,&quot;center&quot;:false,&quot;dots&quot;:false,&quot;items&quot;:2,&quot;loop&quot;:false,&quot;nav&quot;:false,&quot;stagePadding&quot;:15,&quot;slideBy&quot;:&quot;1&quot;},&quot;601&quot;:{&quot;items&quot;:5,&quot;autoplay&quot;:false,&quot;center&quot;:false,&quot;dots&quot;:false,&quot;nav&quot;:false,&quot;autoHeight&quot;:false,&quot;autoWidth&quot;:false,&quot;loop&quot;:false,&quot;stagePadding&quot;:0}}}}'><\/div><\/div><\/div><\/div><\/div><\/div><\/div><\/section>","protected":false},"excerpt":{"rendered":"Deze afbeelding toont een rond logo met de tekst 'Committed Ecovadis Sustainability Rating MAR 2025'. Het logo heeft een groen en bruine kleurenschema en symboliseert de toewijding aan duurzaamheid door Ecovadis, een erkende organisatie op dit gebied.","protected":false},"author":1,"featured_media":0,"parent":0,"menu_order":0,"comment_status":"closed","ping_status":"closed","template":"","meta":{"_acf_changed":false,"_seopress_robots_primary_cat":"","_seopress_titles_title":"%%post_title%% | %%sitetitle%%","_seopress_titles_desc":"","_seopress_robots_index":"","footnotes":""},"class_list":["post-102","page","type-page","status-publish"],"acf":[],"_links":{"self":[{"href":"https:\/\/euro-techniek.nl\/de\/wp-json\/wp\/v2\/pages\/102","targetHints":{"allow":["GET"]}}],"collection":[{"href":"https:\/\/euro-techniek.nl\/de\/wp-json\/wp\/v2\/pages"}],"about":[{"href":"https:\/\/euro-techniek.nl\/de\/wp-json\/wp\/v2\/types\/page"}],"author":[{"embeddable":true,"href":"https:\/\/euro-techniek.nl\/de\/wp-json\/wp\/v2\/users\/1"}],"replies":[{"embeddable":true,"href":"https:\/\/euro-techniek.nl\/de\/wp-json\/wp\/v2\/comments?post=102"}],"version-history":[{"count":0,"href":"https:\/\/euro-techniek.nl\/de\/wp-json\/wp\/v2\/pages\/102\/revisions"}],"wp:attachment":[{"href":"https:\/\/euro-techniek.nl\/de\/wp-json\/wp\/v2\/media?parent=102"}],"curies":[{"name":"wp","href":"https:\/\/api.w.org\/{rel}","templated":true}]}}