{"id":3,"date":"2021-04-03T14:52:23","date_gmt":"2021-04-03T12:52:23","guid":{"rendered":"https:\/\/euro-techniek.nl\/?page_id=3"},"modified":"2026-03-27T08:24:48","modified_gmt":"2026-03-27T07:24:48","slug":"privatsphare","status":"publish","type":"page","link":"https:\/\/euro-techniek.nl\/de\/privacy\/","title":{"rendered":"Datenschutz"},"content":{"rendered":"<section class=\"l-section wpb_row height_large color_primary\"><div class=\"l-section-h i-cf\"><div class=\"g-cols vc_row via_flex valign_top type_default stacking_default\"><div class=\"vc_col-sm-12 wpb_column vc_column_container\"><div class=\"vc_column-inner\"><div class=\"wpb_wrapper\"><h1 class=\"w-post-elm post_title align_center entry-title\">Datenschutz<\/h1><\/div><\/div><\/div><\/div><\/div><\/section>\n<section class=\"l-section wpb_row height_large width_custom\" style=\"--site-content-width:1000px;\"><div class=\"l-section-h i-cf\"><div class=\"g-cols vc_row via_flex valign_top type_default stacking_default\"><div class=\"vc_col-sm-12 wpb_column vc_column_container\"><div class=\"vc_column-inner\"><div class=\"wpb_wrapper\"><div class=\"wpb_text_column\"><div class=\"wpb_wrapper\"><h2>Datenschutzrichtlinie<\/h2>\n<p>Eingangsdatum: 27-3-2026, 08:12:19<\/p>\n<h3>Einleitung und organisatorische Informationen<\/h3>\n<p>Bei Euro-Techniek bv bem\u00fchen wir uns, unseren Kunden und Kontakten den bestm\u00f6glichen Service zu bieten. Ein Teil unseres Engagements ist die verantwortungsvolle Verwaltung personenbezogener Daten, die \u00fcber unsere Website euro-techniek.nl gesammelt werden, sowie alle damit verbundenen Interaktionen. Unsere Hauptziele bei der Verarbeitung dieser Informationen sind:<\/p>\n<ul>\n<li>Die Benutzererfahrung auf unserer Plattform verbessern, indem wir die Bed\u00fcrfnisse und Vorlieben der Kunden verstehen.<\/li>\n<li>Zeitnahe Unterst\u00fctzung anbieten und auf Anfragen oder Serviceanforderungen reagieren.<\/li>\n<li>Die Verbesserung unserer Produkte und Dienstleistungen, um den sich \u00e4ndernden Anforderungen unserer Nutzer gerecht zu werden.<\/li>\n<li>Notwendige Gesch\u00e4ftsaktivit\u00e4ten ausf\u00fchren, wie Rechnungsstellung und Kontenverwaltung.<\/li>\n<\/ul>\n<p>Es ist unsere Politik, personenbezogene Daten mit gr\u00f6\u00dftem Respekt vor Privatsph\u00e4re und Sicherheit zu verarbeiten. Wir halten uns an alle relevanten Vorschriften und Richtlinien, um sicherzustellen, dass die von uns verarbeiteten Daten vor unbefugtem Zugriff, Offenlegung, \u00c4nderung und Zerst\u00f6rung gesch\u00fctzt sind. Unsere Praktiken sind darauf ausgelegt, die Vertraulichkeit und Integrit\u00e4t Ihrer personenbezogenen Daten zu gew\u00e4hrleisten und gleichzeitig die Dienstleistungen zu erbringen, die Sie uns anvertrauen.<\/p>\n<ul>\n<li>Wenn Sie NEIN gew\u00e4hlt haben: Wir haben keinen Datenschutzbeauftragten (DSB), verpflichten uns aber weiterhin voll und ganz, uns um Ihre Datenschutzanliegen zu k\u00fcmmern. Wenn Sie Fragen haben oder weitere Informationen dar\u00fcber w\u00fcnschen, wie wir personenbezogene Daten verwalten, k\u00f6nnen Sie sich gerne an uns wenden unter <a href=\"mailto:info@euro-techniek.nl\">info@euro-techniek.nl<\/a> von +31 402539995.<\/li>\n<\/ul>\n<p>Ihre Privatsph\u00e4re hat f\u00fcr uns Priorit\u00e4t. Wir bem\u00fchen uns, Ihre pers\u00f6nlichen Daten transparent und im Hinblick auf Ihre Sicherheit zu verarbeiten. Dieses Versprechen gilt auch f\u00fcr unsere Zusammenarbeit mit Drittanbietern, die in unserem Namen pers\u00f6nliche Daten verarbeiten k\u00f6nnen, wie beispielsweise bei der Rechnungsstellung. Sie k\u00f6nnen darauf vertrauen, dass alle Aktivit\u00e4ten in strikter \u00dcbereinstimmung mit den geltenden Datenschutzgesetzen durchgef\u00fchrt werden.<\/p>\n<h3>Reichweite und Anwendung<\/h3>\n<p>Unsere Datenschutzrichtlinie wurde entwickelt, um die pers\u00f6nlichen Daten all unserer Stakeholder zu sch\u00fctzen, einschlie\u00dflich Website-Besucher, registrierte Benutzer und Kunden. Egal, ob Sie nur unsere Website euro-techniek.nl durchsuchen, unsere Dienste als registrierter Benutzer nutzen oder uns als gesch\u00e4tzter Kunde kontaktieren, wir stellen sicher, dass Ihre pers\u00f6nlichen Daten nach den h\u00f6chsten Standards f\u00fcr Datenschutz und Sicherheit verarbeitet werden. Diese Richtlinie beschreibt unsere Praktiken und Ihre Rechte in Bezug auf pers\u00f6nliche Daten.<\/p>\n<h3>Datenerhebung und -verarbeitung<\/h3>\n<p>Unser Engagement f\u00fcr Transparenz und Datenschutz erstreckt sich auf die Art und Weise, wie wir Ihre pers\u00f6nlichen Daten sammeln und verwenden. Wir sammeln pers\u00f6nliche Daten durch verschiedene Interaktionen, einschlie\u00dflich, aber nicht beschr\u00e4nkt auf, wenn Sie unsere Dienstleistungen oder Produkte wie Stanzen und Spritzgie\u00dfen nutzen oder uns direkt Informationen zur Verf\u00fcgung stellen.<\/p>\n<p>In der folgenden Liste werden die Arten personenbezogener Daten beschrieben, die wir m\u00f6glicherweise verarbeiten:<\/p>\n<ul>\n<li><strong>Vorname und Nachname<\/strong><\/li>\n<li><strong>E-Mail-Adresse und\/oder Telefonnummer<\/strong><\/li>\n<li><strong>IP-Adresse<\/strong><\/li>\n<li><strong>Browserinformationen und Sprache<\/strong><\/li>\n<\/ul>\n<p>Wir verarbeiten nur Informationen, die f\u00fcr die Erbringung unserer Dienstleistungen, die Erf\u00fcllung gesetzlicher Verpflichtungen oder die Verbesserung Ihres Nutzererlebnisses unerl\u00e4sslich sind. Ihre Privatsph\u00e4re ist von gr\u00f6\u00dfter Bedeutung und wir tun alles, um Ihre pers\u00f6nlichen Daten verantwortungsvoll und in \u00dcbereinstimmung mit allen geltenden Gesetzen zu behandeln.<\/p>\n<p>Bei Euro-Techniek bv glauben wir an eine verantwortungsvolle und ethische Nutzung personenbezogener Daten. Die von uns gesammelten Daten dienen mehreren Zwecken. Sie zielen alle darauf ab, die von uns angebotenen Dienstleistungen zu verbessern und die gr\u00f6\u00dfte Zufriedenheit unserer Nutzer, Kunden und Mitarbeiter zu gew\u00e4hrleisten. Dies sind die wichtigsten Arten, wie wir die gesammelten personenbezogenen Daten verwenden:<\/p>\n<ul>\n<li><strong>Verifizierung und Sicherheit<\/strong><\/li>\n<li><strong>Einhaltung gesetzlicher Verpflichtungen<\/strong><\/li>\n<li><strong>Analyse- und Leistungsverfolgung<\/strong><\/li>\n<li><strong>Marketing und Werbung<\/strong><\/li>\n<li><strong>Benutzerengagement und -bindung<\/strong><\/li>\n<\/ul>\n<p>Ihre Privatsph\u00e4re ist unsere Priorit\u00e4t. Wir verarbeiten Ihre pers\u00f6nlichen Daten transparent und in \u00dcbereinstimmung mit Ihren Pr\u00e4ferenzen und den geltenden Datenschutzgesetzen. Wir bem\u00fchen uns nach Kr\u00e4ften, sicherzustellen, dass Ihre Daten ausschlie\u00dflich f\u00fcr die Zwecke verwendet werden, f\u00fcr die sie erhoben wurden, und auf die von Ihnen genehmigte Weise.<\/p>\n<h3>Datenspeicherung und -sicherheit<\/h3>\n<h4>Datenspeicherung<\/h4>\n<ul>\n<li>Personenbezogene Daten werden auf sicheren Servern in den Niederlanden gespeichert. F\u00fcr Dienste, die eine internationale Daten\u00fcbertragung erfordern, stellen wir sicher, dass solche \u00dcbertragungen allen geltenden Gesetzen entsprechen und dass Datenschutzstandards eingehalten werden, die mit denen an unserem prim\u00e4ren Standort gleichwertig sind.<\/li>\n<li>Partner f\u00fcr Datenhosting: Wir arbeiten mit renommierten Anbietern von Datenhosting zusammen, die sich f\u00fcr fortschrittliche Sicherheitsma\u00dfnahmen einsetzen. Diese Partner werden anhand ihrer Einhaltung strenger Datenschutzstandards ausgew\u00e4hlt.<\/li>\n<\/ul>\n<h4>Datenschutzma\u00dfnahmen<\/h4>\n<ul>\n<li><strong>Kodierung<\/strong> Um Daten w\u00e4hrend der \u00dcbertragung und im Ruhezustand zu sch\u00fctzen, verwenden wir robuste Verschl\u00fcsselungstechnologien.<\/li>\n<li><strong>Zugangskontrolle<\/strong> Der Zugang zu pers\u00f6nlichen Daten ist streng auf befugtes Personal beschr\u00e4nkt, das ein legitimes gesch\u00e4ftliches Bed\u00fcrfnis hat, auf die Daten zuzugreifen. Wir unterhalten strenge Zugriffskontrollen und \u00fcberpr\u00fcfen regelm\u00e4\u00dfig die Berechtigungen.<\/li>\n<\/ul>\n<h3>Datenverarbeitungsvereinbarungen<\/h3>\n<p>Wenn wir Ihre Daten mit externen Dienstleistern teilen, tun wir dies unter dem Schutz von Datenverarbeitungsvereinbarungen (DVVs), die sicherstellen, dass Ihre Daten in \u00dcbereinstimmung mit der DSGVO und anderen relevanten Datenschutzgesetzen verwaltet werden. Diese Vereinbarungen schreiben vor, dass Dritte angemessene technische und organisatorische Ma\u00dfnahmen ergreifen, um die Sicherheit Ihrer Daten zu gew\u00e4hrleisten.<\/p>\n<h4>Transparenz und Kontrolle<\/h4>\n<p>Wir glauben an Transparenz und geben Ihnen die Kontrolle \u00fcber Ihre pers\u00f6nlichen Daten. Sie werden immer \u00fcber wichtige \u00c4nderungen unserer Informationsweitergabepraktiken informiert und haben gegebenenfalls die M\u00f6glichkeit, solchen \u00c4nderungen zuzustimmen.<\/p>\n<p>Ihr Vertrauen ist uns wichtig und wir bem\u00fchen uns, dass Ihre pers\u00f6nlichen Daten nur gem\u00e4\u00df dieser Richtlinie und bei berechtigtem Grund daf\u00fcr \u00f6ffentlich gemacht werden. Wenn Sie Fragen oder Kommentare dazu haben, wie wir pers\u00f6nliche Daten teilen und offenlegen, k\u00f6nnen Sie uns unter kontaktieren <a href=\"mailto:info@euro-techniek.nl\">info@euro-techniek.nl<\/a> AUS +31 402539995.<\/p>\n<h3>Benutzerrechte und -auswahl<\/h3>\n<p>Bei Euro-Techniek bv erkennen und respektieren wir Ihre Rechte in Bezug auf Ihre pers\u00f6nlichen Daten, in \u00dcbereinstimmung mit der Datenschutz-Grundverordnung (DSGVO) und anderen geltenden Datenschutzgesetzen. Wir tun alles, um sicherzustellen, dass Sie Ihre Rechte effektiv aus\u00fcben k\u00f6nnen. Nachfolgend finden Sie eine \u00dcbersicht \u00fcber Ihre Rechte und wie Sie diese aus\u00fcben k\u00f6nnen:<\/p>\n<p>Ihre Rechte<\/p>\n<ul>\n<li><strong>Auskunftsrecht (Art. 15 DSGVO):<\/strong> Sie haben das Recht, auf die personenbezogenen Daten, die wir \u00fcber Sie speichern, zuzugreifen und Informationen dar\u00fcber zu erhalten, wie wir diese verarbeiten.<\/li>\n<li><strong>Recht auf Berichtigung (Art. 16 DSGVO):<\/strong> Wenn Sie der Meinung sind, dass personenbezogene Daten, die wir \u00fcber Sie speichern, falsch oder unvollst\u00e4ndig sind, haben Sie das Recht, deren Berichtigung oder Vervollst\u00e4ndigung zu verlangen.<\/li>\n<li><strong>Recht auf L\u00f6schung von Daten (\u2018Recht auf Vergessenwerden\u2019) (Art. 17 DSGVO):<\/strong> Sie haben das Recht, die L\u00f6schung Ihrer personenbezogenen Daten zu verlangen, wenn diese f\u00fcr die Zwecke, f\u00fcr die sie erhoben wurden, nicht mehr erforderlich sind, unter anderem unter bestimmten Umst\u00e4nden.<\/li>\n<li><strong>Recht auf Einschr\u00e4nkung der Verarbeitung (Art. 18 DSGVO):<\/strong> Sie haben das Recht, unter bestimmten Bedingungen die Einschr\u00e4nkung der Verarbeitung Ihrer pers\u00f6nlichen Daten zu verlangen.<\/li>\n<li><strong>Recht auf Daten\u00fcbertragbarkeit (Art. 20 DSGVO):<\/strong> Sie haben das Recht, Ihre personenbezogenen Daten in einem strukturierten, g\u00e4ngigen und maschinenlesbaren Format zu erhalten und diese Daten an einen anderen Verantwortlichen zu \u00fcbermitteln.<\/li>\n<li><strong>Widerspruchsrecht (Art. 21 DSG)<\/strong> Sie haben unter bestimmten Bedingungen das Recht, der Verarbeitung Ihrer personenbezogenen Daten zu widersprechen, einschlie\u00dflich der Verarbeitung f\u00fcr Direktmarketingzwecke.<\/li>\n<li><strong>Recht auf Widerruf der Einwilligung (Art. 7 Abs. 3 DSGVO):<\/strong> Wenn die Verarbeitung Ihrer personenbezogenen Daten auf Ihrer Einwilligung beruht, haben Sie das Recht, diese Einwilligung jederzeit zu widerrufen, ohne dass die Rechtm\u00e4\u00dfigkeit der aufgrund der Einwilligung vor dem Widerruf erfolgten Verarbeitung davon ber\u00fchrt wird.<\/li>\n<li><strong>Recht zur Einreichung einer Beschwerde (Art. 77 DSGVO):<\/strong> Sie haben das Recht, sich bei einer Aufsichtsbeh\u00f6rde zu beschweren, wenn Sie der Meinung sind, dass unsere Verarbeitung Ihrer personenbezogenen Daten gegen die geltenden Datenschutzgesetze verst\u00f6\u00dft.<\/li>\n<\/ul>\n<h4>Ihre Rechte aus\u00fcben<\/h4>\n<p>Wenn Sie diese Rechte aus\u00fcben m\u00f6chten, k\u00f6nnen Sie uns unter info@euro-techniek.nl oder +31 402539995 kontaktieren. Wir werden auf Ihre Anfrage in \u00dcbereinstimmung mit den geltenden Datenschutzgesetzen und innerhalb der von diesen Gesetzen festgelegten Fristen antworten. In einigen F\u00e4llen m\u00fcssen wir m\u00f6glicherweise Ihre Identit\u00e4t \u00fcberpr\u00fcfen, um die Sicherheit Ihrer pers\u00f6nlichen Daten zu gew\u00e4hrleisten.<\/p>\n<p>Wir setzen uns daf\u00fcr ein, die Aus\u00fcbung Ihrer Rechte zu erleichtern und sicherzustellen, dass Sie die volle Kontrolle \u00fcber Ihre pers\u00f6nlichen Daten haben. Wenn Sie Fragen oder Bedenken bez\u00fcglich der Verarbeitung Ihrer pers\u00f6nlichen Daten haben, z\u00f6gern Sie bitte nicht, sich mit uns in Verbindung zu setzen.<\/p>\n<h3>Kekse und Trackingtechnologien<\/h3>\n<p>Bei Euro-Techniek bv sch\u00e4tzen wir Ihre Privatsph\u00e4re und sind bestrebt, transparent \u00fcber unsere Verwendung von Cookies und anderen Tracking-Technologien auf unserer Website euro-techniek.nl zu sein. Diese Technologien spielen eine entscheidende Rolle f\u00fcr das reibungslose Funktionieren unserer digitalen Plattformen, die Verbesserung Ihres Benutzererlebnisses und die Bereitstellung von Einblicken, die uns bei der Verbesserung helfen.<\/p>\n<h4>Informationen \u00fcber Cookies und Tracking-Technologien<\/h4>\n<p>Kekse sind kleine Datendateien, die auf Ihrem Ger\u00e4t platziert werden, damit wir uns an Ihre Pr\u00e4ferenzen erinnern und Informationen \u00fcber Ihre Website-Nutzung sammeln k\u00f6nnen. Tracking-Technologien wie Web-Beacons und Pixel-Tags helfen uns zu verstehen, wie Sie mit unserer Website interagieren und welche Seiten Sie besuchen.<\/p>\n<h4>Wie wir diese Technologien nutzen<\/h4>\n<ul>\n<li>Essenzielle Cookies: Ben\u00f6tigt f\u00fcr die Funktionalit\u00e4t der Website, wie Verifizierung und Sicherheit. Sie ben\u00f6tigen keine Zustimmung.<\/li>\n<li>Leistungs- und Analyse-Cookies: Diese sammeln Informationen dar\u00fcber, wie Besucher unsere Website nutzen, welche Seiten am h\u00e4ufigsten besucht werden und ob Fehlermeldungen von Webseiten empfangen werden. Diese Cookies helfen uns, unsere Website zu verbessern.<\/li>\n<li>Funktionale Cookies: Erm\u00f6glichen Sie der Website verbesserte Funktionalit\u00e4t und Personalisierung, wie z. B. das Speichern Ihrer Pr\u00e4ferenzen.<\/li>\n<li>Werbe- und Zielgruppen-Cookies: Werden verwendet, um Anzeigen bereitzustellen, die f\u00fcr Sie und Ihre Interessen relevanter sind. Sie werden auch verwendet, um die H\u00e4ufigkeit zu begrenzen, mit der Sie eine Anzeige sehen, und um die Wirksamkeit von Werbekampagnen zu messen.<\/li>\n<\/ul>\n<h4>Ihre Auswahl und Zustimmung<\/h4>\n<p>Bei Ihrem ersten Besuch wird unsere Website Ihnen ein Cookie-Zustimmungsbanner anzeigen. Sie k\u00f6nnen folgendes tun:<\/p>\n<ul>\n<li>Alle Cookies akzeptieren: Zustimmung zur Verwendung aller Cookies und Tracking-Technologien.<\/li>\n<li>Nicht-essenzielle Cookies ablehnen: Nur essenzielle Cookies werden verwendet, um Ihnen die notwendigen Website-Funktionen zur Verf\u00fcgung zu stellen.<\/li>\n<li>Passen Sie Ihre Einstellungen an: W\u00e4hlen Sie aus, welche Cookie-Kategorien Sie zulassen m\u00f6chten.<\/li>\n<\/ul>\n<h4>\u00c4nderungen in unserer Cookie-Nutzung<\/h4>\n<p>Wir k\u00f6nnen unsere Verwendung von Cookies und Tracking-Technologien aktualisieren, um unsere Dienste zu verbessern oder gesetzliche Anforderungen zu erf\u00fcllen. Wir werden Sie \u00fcber wichtige \u00c4nderungen informieren und Sie gegebenenfalls um Ihre Zustimmung bitten.<\/p>\n<p>F\u00fcr weitere Informationen \u00fcber die von uns verwendeten Cookies, ihre Zwecke und wie Sie Ihre Pr\u00e4ferenzen verwalten k\u00f6nnen, konsultieren Sie bitte unsere detaillierte Cookie-Richtlinie https:\/\/euro-techniek.nl\/privacy\/.<\/p>\n<p>Wenn Sie Fragen oder Bedenken zu unserer Verwendung von Cookies und Tracking-Technologien haben, z\u00f6gern Sie bitte nicht, uns unter info@euro-techniek.nl oder +31 402539995 zu kontaktieren. Ihre Privatsph\u00e4re und die Integrit\u00e4t Ihrer pers\u00f6nlichen Daten sind f\u00fcr uns von gr\u00f6\u00dfter Bedeutung.<\/p>\n<h3>Richtlinienaktualisierungen und -\u00e4nderungen<\/h3>\n<p>Bei Euro-Techniek bv m\u00f6chten wir Sie \u00fcber die Art und Weise informieren, wie wir mit Ihren pers\u00f6nlichen Daten umgehen, und \u00fcber etwaige \u00c4nderungen unserer Datenschutzpraktiken. Wir k\u00f6nnen diese Datenschutzrichtlinie von Zeit zu Zeit an \u00c4nderungen der gesetzlichen Anforderungen, Industriestandards oder unserer Gesch\u00e4ftst\u00e4tigkeit anpassen. Wir m\u00f6chten Ihnen versichern, dass alle Aktualisierungen transparent und im Einklang mit den geltenden Datenschutzgesetzen kommuniziert werden.<\/p>\n<h4>Benachrichtigung \u00fcber \u00c4nderungen<\/h4>\n<ul>\n<li>Benachrichtigungsprozess: Im Falle wesentlicher \u00c4nderungen unserer Datenschutzrichtlinie, die Ihre Rechte oder die Art und Weise, wie wir Ihre personenbezogenen Daten verarbeiten, beeintr\u00e4chtigen k\u00f6nnten, werden wir Sie auf angemessene Weise dar\u00fcber informieren, z. B. durch eine Benachrichtigung per E-Mail, \u00fcber die Website oder \u00fcber andere geeignete Kan\u00e4le. Das obere Ende des Dokuments gibt auch das Wirksamkeitsdatum der aktualisierten Richtlinie an.<\/li>\n<li>\u00c4nderungen pr\u00fcfen: Wir empfehlen Ihnen, unsere Datenschutzrichtlinie regelm\u00e4\u00dfig zu \u00fcberpr\u00fcfen, um sich dar\u00fcber zu informieren, wie wir Ihre pers\u00f6nlichen Daten sammeln, verwenden und sch\u00fctzen. Wenn Sie unsere Dienste nach \u00c4nderungen der Richtlinie weiterhin nutzen, erkl\u00e4ren Sie sich mit den aktualisierten Bedingungen einverstanden.<\/li>\n<\/ul>\n<h4>Kontaktieren Sie uns<\/h4>\n<p>Wenn Sie Fragen oder Anmerkungen zu unserer Datenschutzrichtlinie oder deren Aktualisierungen haben, z\u00f6gern Sie bitte nicht, uns zu kontaktieren \u00fcber <a href=\"mailto:info@euro-techniek.nl\">info@euro-techniek.nl<\/a> von +31 402539995. Wir sind da, um alle Fragen zu beantworten, die Sie haben, und um sicherzustellen, dass Sie die Informationen haben, die Sie ben\u00f6tigen, um Vertrauen darin zu haben, wie Ihre pers\u00f6nlichen Daten verarbeitet werden.<\/p>\n<\/div><\/div><\/div><\/div><\/div><\/div><\/div><\/section>","protected":false},"excerpt":{"rendered":"Privacy Privacybeleid Ingangsdatum: 27-3-2026, 08:12:19 Inleiding en organisatorische informatie Bij Euro-Techniek bv streven we ernaar onze klanten en contactpersonen zo goed mogelijk van dienst te zijn. Een deel van onze inzet is het verantwoordelijke beheer van persoonlijke gegevens die via onze website euro-techniek.nl worden verzameld, en alle gerelateerde interacties. Onze belangrijkste doelen bij de verwerking...","protected":false},"author":1,"featured_media":0,"parent":0,"menu_order":1001,"comment_status":"closed","ping_status":"closed","template":"","meta":{"_acf_changed":false,"_seopress_robots_primary_cat":"","_seopress_titles_title":"%%post_title%% | %%sitetitle%%","_seopress_titles_desc":"Wij hechten veel waarde aan de privacy van onze bezoekers. Op deze pagina vind je meer informatie over hoe wij jouw privacy waarborgen.","_seopress_robots_index":"yes","footnotes":""},"class_list":["post-3","page","type-page","status-publish"],"acf":[],"_links":{"self":[{"href":"https:\/\/euro-techniek.nl\/de\/wp-json\/wp\/v2\/pages\/3","targetHints":{"allow":["GET"]}}],"collection":[{"href":"https:\/\/euro-techniek.nl\/de\/wp-json\/wp\/v2\/pages"}],"about":[{"href":"https:\/\/euro-techniek.nl\/de\/wp-json\/wp\/v2\/types\/page"}],"author":[{"embeddable":true,"href":"https:\/\/euro-techniek.nl\/de\/wp-json\/wp\/v2\/users\/1"}],"replies":[{"embeddable":true,"href":"https:\/\/euro-techniek.nl\/de\/wp-json\/wp\/v2\/comments?post=3"}],"version-history":[{"count":0,"href":"https:\/\/euro-techniek.nl\/de\/wp-json\/wp\/v2\/pages\/3\/revisions"}],"wp:attachment":[{"href":"https:\/\/euro-techniek.nl\/de\/wp-json\/wp\/v2\/media?parent=3"}],"curies":[{"name":"Welt","href":"https:\/\/api.w.org\/{rel}","templated":true}]}}