{"id":3839,"date":"2026-04-07T16:18:21","date_gmt":"2026-04-07T14:18:21","guid":{"rendered":"https:\/\/euro-techniek.nl\/?page_id=3839"},"modified":"2026-04-07T16:18:21","modified_gmt":"2026-04-07T14:18:21","slug":"werkzeugbau-2","status":"publish","type":"page","link":"https:\/\/euro-techniek.nl\/de\/gereedschapmakerij\/","title":{"rendered":"Werkzeugmacherei"},"content":{"rendered":"<section class=\"l-section wpb_row us_custom_b710dbbf height_large color_primary with_img\"><div class=\"l-section-img\" role=\"img\" aria-label=\"Bild\" data-img-width=\"2560\" data-img-height=\"516\" style=\"background-image: url(https:\/\/euro-techniek.nl\/wp-content\/uploads\/2025\/07\/content-header-background-eurotechniek-scaled.jpg);\"><\/div><div class=\"l-section-h i-cf\"><div class=\"g-cols vc_row via_flex valign_top type_default stacking_default\"><div class=\"vc_col-sm-6 wpb_column vc_column_container\"><div class=\"vc_column-inner\"><div class=\"wpb_wrapper\"><h1 class=\"w-text\"><span class=\"w-text-h\"><span class=\"w-text-value\">Werkzeugmacherei<\/span><\/span><\/h1><\/div><\/div><\/div><div class=\"vc_col-sm-6 wpb_column vc_column_container\"><div class=\"vc_column-inner\"><div class=\"wpb_wrapper\"><\/div><\/div><\/div><\/div><\/div><\/section><section class=\"l-section wpb_row height_large\"><div class=\"l-section-h i-cf\"><div class=\"g-cols vc_row via_flex valign_top type_default stacking_default\"><div class=\"vc_col-sm-12 wpb_column vc_column_container\"><div class=\"vc_column-inner\"><div class=\"wpb_wrapper\"><div class=\"wpb_text_column\"><div class=\"wpb_wrapper\"><p><span style=\"font-weight: 400;\">Eine starke Produktion beginnt mit Pr\u00e4zision im Werkzeug. Innerhalb der <a href=\"https:\/\/euro-techniek.nl\/de\/expertise\/werkzeugbau\/\">Werkzeugmacherei<\/a> Bei Euro-Techniek dreht sich alles um Qualit\u00e4t, Zuverl\u00e4ssigkeit und Prozesskontrolle. Von einer einzelnen Form bis hin zu komplexen Spritzgussformen und Stanzwerkzeugen: Ein gut entwickeltes Werkzeug bildet die Grundlage f\u00fcr eine stabile und effiziente Produktionsumgebung.<\/span><\/p>\n<p><span style=\"font-weight: 400;\">Unternehmen, die eine Matrize oder einen Stempel anfertigen lassen, suchen oft nicht nur einen Lieferanten, sondern vor allem einen Partner, der bei Design, Herstellbarkeit und Lebensdauer mitdenkt. Genau hier macht eine spezialisierte Werkzeugbauerei den Unterschied.<\/span><\/p>\n<h2><span style=\"font-weight: 400;\">Werkzeugmacherei f\u00fcr Formen, Stempel und Pr\u00e4zisionsarbeit<\/span><\/h2>\n<p><span style=\"font-weight: 400;\">In einer modernen Werkzeugmacherei treffen Technik, Erfahrung und Pr\u00e4zision aufeinander. Die Entwicklung von Formen und Stempeln erfordert spezialisiertes Wissen \u00fcber Materialien, Toleranzen und Produktionsprozesse. Sei es eine neue Spritzgussform, Stanzwerkzeuge, eine Optimierung bestehender Werkzeuge oder ein komplettes Projekt zur Formherstellung, jeder Schritt muss stimmen.<\/span><\/p>\n<p><span style=\"font-weight: 400;\">Ein erfahrener Werkzeugmacher blickt \u00fcber das Werkzeug selbst hinaus. Auch Faktoren wie Wartung, Reproduzierbarkeit und Einsatzf\u00e4higkeit in der Produktion spielen eine wichtige Rolle. Dadurch entsteht eine L\u00f6sung, die nicht nur technisch gut ist, sondern auch praktisch und nachhaltig einsetzbar bleibt.<\/span><\/p>\n<h2><span style=\"font-weight: 400;\">Formenbau f\u00fcr Spritzguss oder Stanzen Serienfertigung<\/span><\/h2>\n<p><span style=\"font-weight: 400;\">Wer eine Form oder einen Stempel braucht, sucht nach Sicherheit bez\u00fcglich Qualit\u00e4t und Leistung. Bei der Entwicklung von Spritzgussformen und\/oder Stempeln ist es wichtig, dass Konstruktion und Produktionsprozess gut aufeinander abgestimmt sind. Die richtigen Entscheidungen in einer fr\u00fchen Phase haben direkten Einfluss auf Standzeit, Produktqualit\u00e4t und Effizienz w\u00e4hrend der Serienproduktion.<\/span><\/p>\n<p><span style=\"font-weight: 400;\">Der Weg zur Herstellung einer Matrize kann je nach Anwendung stark variieren. Manche Produkte erfordern eine relativ einfache L\u00f6sung, w\u00e4hrend andere hohe Anforderungen an Komplexit\u00e4t, Genauigkeit und Haltbarkeit stellen. In beiden F\u00e4llen ist es wichtig, dass ein Werkzeugmacher (oder Formenbauer) nicht nur das Werkzeug entwickelt, sondern auch \u00fcber die praktische Anwendung nachdenkt.<\/span><\/p>\n<p><span style=\"font-weight: 400;\">F\u00fcr Organisationen, die eine Matrize oder einen Stempel anfertigen lassen, bietet dieser Ansatz mehr Kontrolle \u00fcber Kosten, Durchlaufzeiten und Kontinuit\u00e4t.<\/span><\/p>\n<h3><span style=\"font-weight: 400;\">L\u00e4ngere Lebensdauer und stabile Qualit\u00e4t<\/span><\/h3>\n<p><span style=\"font-weight: 400;\">Ein gut konstruierter Stempel oder eine gut konstruierte Matrize muss nicht nur zu Beginn der Lebensdauer Leistung erbringen, sondern auch auf lange Sicht zuverl\u00e4ssig bleiben. Aus diesem Grund ist die Wartung ein wichtiger Bestandteil eines professionellen Werkzeugmanagements. Regelm\u00e4\u00dfige Inspektion, rechtzeitige Anpassungen und sorgf\u00e4ltige Reparaturen stellen sicher, dass die Stempel und Matrizen ihre Qualit\u00e4t behalten und Produktionsprozesse stabil bleiben.<\/span><\/p>\n<p><span style=\"font-weight: 400;\">F\u00fcr Unternehmen, die in Spritzgussformen oder Stanzwerkzeuge investieren, ist das ein wichtiger Vorteil. Ein gut gewartetes Werkzeug liefert mehr Kontinuit\u00e4t, weniger Stillstand und ein konstanteres Endergebnis.<\/span><\/p>\n<h2><span style=\"font-weight: 400;\">Der Mehrwert eines spezialisierten Werkzeugmachers oder Formenbauers<\/span><\/h2>\n<p><span style=\"font-weight: 400;\">Ein erfahrener Werkzeugmacher, oder Formenbauer, liefert mehr als nur technische Handwerkskunst. Durch enge Zusammenarbeit zwischen Ingenieurwesen, Werkzeugbau und Produktion entsteht mehr \u00dcbersicht und weniger Rauschen im Prozess. Dadurch k\u00f6nnen Projekte effizienter angegangen und schneller korrigiert werden, wenn das n\u00f6tig ist.<\/span><\/p>\n<p><span style=\"font-weight: 400;\">F\u00fcr Eink\u00e4ufer bedeutet das oft weniger Zwischenh\u00e4ndler und mehr Kontrolle \u00fcber Durchlaufzeiten. F\u00fcr technische Teams bietet es direkten Zugang zu spezialisiertem Wissen \u00fcber die Herstellung einer Form und den Einsatz von Spritzgie\u00dfformen. Und f\u00fcr Unternehmer oder die Gesch\u00e4ftsleitung gibt es mehr Sicherheit \u00fcber Qualit\u00e4t, Lieferzuverl\u00e4ssigkeit und die volle Beherrschung des Produktionsprozesses.<\/span><\/p>\n<h3><span style=\"font-weight: 400;\">Mehr wissen \u00fcber unsere Werkzeugladen?<\/span><\/h3>\n<ul>\n<li style=\"font-weight: 400;\" aria-level=\"1\"><b>F\u00fcr Eink\u00e4ufer<\/b><span style=\"font-weight: 400;\"> weniger Verbindungselemente, k\u00fcrzere Durchlaufzeiten und somit g\u00fcnstigere Preise bei der Herstellung oder Entwicklung von Spritzgussformen.<\/span>&nbsp;<\/li>\n<li style=\"font-weight: 400;\" aria-level=\"1\"><b>F\u00fcr Ingenieure\/Techniker:<\/b><span style=\"font-weight: 400;\"> direkter Zugang zu Wissen von erfahrenen Werkzeugmachern und Formenbauern, volle Kontrolle \u00fcber Design, Qualit\u00e4t und Herstellbarkeit jeder Kunststoffform.<\/span>&nbsp;<\/li>\n<li style=\"font-weight: 400;\" aria-level=\"1\"><b>F\u00fcr Direktoren\/Eigent\u00fcmer:<\/b><span style=\"font-weight: 400;\"> mehr Sicherheit, weniger Abh\u00e4ngigkeit von externen Parteien f\u00fcr die Herstellung von Formen und mehr Kontrolle \u00fcber Kontinuit\u00e4t, Kosten und Qualit\u00e4t w\u00e4hrend des gesamten Produktionsprozesses.<\/span><\/li>\n<\/ul>\n<p><span style=\"font-weight: 400;\">M\u00f6chten Sie mehr \u00fcber unseren Ansatz im Werkzeugbau, den Einsatz von Werkzeugmachern und die M\u00f6glichkeiten f\u00fcr die Herstellung von Werkzeugen erfahren? Auf der <a href=\"https:\/\/euro-techniek.nl\/de\/expertise\/werkzeugbau\/\">Fachmannwerkstatt-Expertise-Seite<\/a> finden Sie mehr Informationen \u00fcber unsere Expertise und Arbeitsweise.<\/span><\/p>\n<\/div><\/div><\/div><\/div><\/div><\/div><\/div><\/section>","protected":false},"excerpt":{"rendered":"GereedschapmakerijEen sterke productie begint met precisie in het gereedschap. Binnen de gereedschapmakerij van Euro-Techniek draait alles om kwaliteit, betrouwbaarheid en controle over het proces. Van een enkele matrijs tot complexe spuitgietmatrijzen en stempels: een goed ontwikkeld gereedschap vormt de basis voor een stabiele en effici\u00ebnte productieomgeving. Bedrijven die een matrijs of stempel laten maken zoeken...","protected":false},"author":11,"featured_media":0,"parent":0,"menu_order":0,"comment_status":"closed","ping_status":"closed","template":"","meta":{"_acf_changed":false,"_seopress_robots_primary_cat":"","_seopress_titles_title":"Gereedschapmakerij en matrijzen op maat | Euro-Techniek","_seopress_titles_desc":"Op zoek naar een specialist in gereedschapmakerij? Euro-Techniek ondersteunt bij spuitgietmatrijzen, stempels en stansen. Alle projecten op maat.","_seopress_robots_index":"","footnotes":""},"class_list":["post-3839","page","type-page","status-publish"],"acf":[],"_links":{"self":[{"href":"https:\/\/euro-techniek.nl\/de\/wp-json\/wp\/v2\/pages\/3839","targetHints":{"allow":["GET"]}}],"collection":[{"href":"https:\/\/euro-techniek.nl\/de\/wp-json\/wp\/v2\/pages"}],"about":[{"href":"https:\/\/euro-techniek.nl\/de\/wp-json\/wp\/v2\/types\/page"}],"author":[{"embeddable":true,"href":"https:\/\/euro-techniek.nl\/de\/wp-json\/wp\/v2\/users\/11"}],"replies":[{"embeddable":true,"href":"https:\/\/euro-techniek.nl\/de\/wp-json\/wp\/v2\/comments?post=3839"}],"version-history":[{"count":0,"href":"https:\/\/euro-techniek.nl\/de\/wp-json\/wp\/v2\/pages\/3839\/revisions"}],"wp:attachment":[{"href":"https:\/\/euro-techniek.nl\/de\/wp-json\/wp\/v2\/media?parent=3839"}],"curies":[{"name":"Welt","href":"https:\/\/api.w.org\/{rel}","templated":true}]}}