{"id":3843,"date":"2026-04-07T16:38:22","date_gmt":"2026-04-07T14:38:22","guid":{"rendered":"https:\/\/euro-techniek.nl\/?page_id=3843"},"modified":"2026-04-07T16:38:22","modified_gmt":"2026-04-07T14:38:22","slug":"stanzen-und-tiefziehen","status":"publish","type":"page","link":"https:\/\/euro-techniek.nl\/de\/stansen\/","title":{"rendered":"Stanzen"},"content":{"rendered":"<section class=\"l-section wpb_row us_custom_b710dbbf height_large color_primary with_img\"><div class=\"l-section-img\" role=\"img\" aria-label=\"Bild\" data-img-width=\"2560\" data-img-height=\"516\" style=\"background-image: url(https:\/\/euro-techniek.nl\/wp-content\/uploads\/2025\/07\/content-header-background-eurotechniek-scaled.jpg);\"><\/div><div class=\"l-section-h i-cf\"><div class=\"g-cols vc_row via_flex valign_top type_default stacking_default\"><div class=\"vc_col-sm-6 wpb_column vc_column_container\"><div class=\"vc_column-inner\"><div class=\"wpb_wrapper\"><h1 class=\"w-text\"><span class=\"w-text-h\"><span class=\"w-text-value\">Stanzen<\/span><\/span><\/h1><\/div><\/div><\/div><div class=\"vc_col-sm-6 wpb_column vc_column_container\"><div class=\"vc_column-inner\"><div class=\"wpb_wrapper\"><\/div><\/div><\/div><\/div><\/div><\/section><section class=\"l-section wpb_row height_large\"><div class=\"l-section-h i-cf\"><div class=\"g-cols vc_row via_flex valign_top type_default stacking_default\"><div class=\"vc_col-sm-12 wpb_column vc_column_container\"><div class=\"vc_column-inner\"><div class=\"wpb_wrapper\"><div class=\"wpb_text_column\"><div class=\"wpb_wrapper\"><p><span style=\"font-weight: 400;\">F\u00fcr viele Metallteile beginnt Qualit\u00e4t mit einem pr\u00e4zisen und stabilen Stanzprozess. Innerhalb der <a href=\"https:\/\/euro-techniek.nl\/de\/expertise\/stanzen-und-tiefziehen\/\">Stanzerei von Euro-Technik<\/a> Geht es beim Stanzen um Pr\u00e4zision, Reproduzierbarkeit und eine effiziente Gestaltung der Produktion. Ob es sich um feine technische Arbeiten oder gr\u00f6\u00dfere Serien handelt, ein gut eingerichteter Prozess macht den Unterschied in Qualit\u00e4t und Lieferzuverl\u00e4ssigkeit.<\/span><\/p>\n<p><span style=\"font-weight: 400;\">Unternehmen, die Metallteile herstellen m\u00f6chten, suchen oft einen Partner mit Kenntnissen im Stanzen von Metall, im Lochen und verwandten Bearbeitungen. Gerade weil verschiedene Techniken zusammenkommen, entsteht ein Produktionsansatz, der f\u00fcr verschiedene Branchen und Anwendungen geeignet ist. Materialien, die wir verarbeiten, sind unter anderem: Kupfer, kaltgewalzter Bandstahl, warmgewalzter Bandstahl, Aluminium, Edelstahl, verzinkter Bandstahl, Messing\u00a0\u00a0<\/span><\/p>\n<h2><span style=\"font-weight: 400;\">Pr\u00e4zisionsstanzen f\u00fcr Metall<\/span><\/h2>\n<p><span style=\"font-weight: 400;\">Ein professioneller Stanzbetrieb verarbeitet unterschiedliche Metallsorten und Legierungen, jede mit ihren eigenen Eigenschaften und Herausforderungen. Beim Stanzen von Metall ist es wichtig, dass sich das Materialverhalten, das Werkzeug und die Prozesseinstellungen gut aufeinander abstimmen. Nur dann entsteht gestanztes Metall mit der richtigen Ma\u00dfhaltigkeit, gleichbleibender Qualit\u00e4t und einer sauberen Oberfl\u00e4che.<\/span><\/p>\n<p><span style=\"font-weight: 400;\">Innerhalb dieses Prozesses spielen Techniken wie Metallstanzen, Lochstanzen in Metall und Blechmetallstanzen eine wichtige Rolle. Abh\u00e4ngig von der Anwendung kann zwischen einfachen oder komplexeren Bearbeitungen gew\u00e4hlt werden, wobei Pr\u00e4zision unerl\u00e4sslich bleibt. So k\u00f6nnen auch Produkte mit einer abweichenden Form oder hohen technischen Anforderungen zuverl\u00e4ssig hergestellt werden.<\/span><\/p>\n<h2><span style=\"font-weight: 400;\">Stempelarbeit und Ma\u00dfarbeit in der Stempelherstellung<\/span><\/h2>\n<p><span style=\"font-weight: 400;\">Neben dem Stanzen ist auch das Pr\u00e4gen ein wichtiger Bestandteil der Metallbearbeitung. In einer spezialisierten Pr\u00e4geanstalt laufen verschiedene Prozesse zusammen, um Teile effizient und pr\u00e4zise herzustellen. Dazu geh\u00f6ren Pr\u00e4gearbeiten, Metallpr\u00e4gen, Metallformen und, wo n\u00f6tig, auch Tiefziehen von Metall. Dies tun wir auf vollautomatischen Pressen als auch mit manuellem Einlegen von Material in die Presse. Auch das Waschen der Produkte und das Trommeln sind wichtige Prozessschritte.<\/span><\/p>\n<p><span style=\"font-weight: 400;\">F\u00fcr jedes Projekt muss die richtige Kombination aus Werkzeug und Bearbeitung gew\u00e4hlt werden. Dabei kann ein Metallstanzer f\u00fcr spezielle Anwendungen eingesetzt werden, ebenso wie ein pr\u00e4zise abgestimmter Stempel oder ein Schneidstempel. Bei komplexeren Produktionsproblemen k\u00f6nnen auch Folgeschneide-Biegestempel erforderlich sein, um mehrere Bearbeitungen geschickt innerhalb eines Prozessschritts zu kombinieren.<\/span><\/p>\n<p><span style=\"font-weight: 400;\">Door deze technieken goed op elkaar af te stemmen, ontstaat een productieproces dat geschikt is voor zowel kleinere series als stabiele grotere volumes.<\/span><\/p>\n<h3><span style=\"font-weight: 400;\">Werkzeuge als Grundlage f\u00fcr konstante Qualit\u00e4t<\/span><\/h3>\n<p><span style=\"font-weight: 400;\">Die Qualit\u00e4t von Pr\u00e4gen und Stanzen von Metall h\u00e4ngt stark von der Qualit\u00e4t des Werkzeugs ab. Daher ist gut entwickeltes Werkzeug in einer modernen Stanzerei unverzichtbar. Ein sorgf\u00e4ltig entwickelter Stempel, Schneidwerkzeug oder ein Satz Biegestempel bestimmt ma\u00dfgeblich die Genauigkeit, Standzeit und Effizienz des Prozesses.<\/span><\/p>\n<p><span style=\"font-weight: 400;\">Gerade bei Anwendungen wie dem Metallstanzen, dem Blechstanzen und dem Lochen von Metall ist diese Pr\u00e4zision von gro\u00dfer Bedeutung. Kleine Abweichungen im Werkzeug k\u00f6nnen schlie\u00dflich gro\u00dfe Auswirkungen auf das Endprodukt haben. Durch Aufmerksamkeit f\u00fcr Wartung, Einstellung und Prozesskontrolle bleibt die Qualit\u00e4t \u00fcber l\u00e4ngere Zeit stabil.<\/span><\/p>\n<h2><span style=\"font-weight: 400;\">Metall Formen und Tiefziehen innerhalb eines Produktionsprozesses<\/span><\/h2>\n<p><span style=\"font-weight: 400;\">Nicht jedes Metallteil kann mit einer einzigen Bearbeitung realisiert werden. In vielen F\u00e4llen ist eine Kombination aus Stanzen, Pr\u00e4gen, Umformen und manchmal auch Tiefziehen erforderlich. Insbesondere bei technisch anspruchsvollen Produkten ist es wichtig, dass diese Schritte logisch aufeinander abgestimmt sind.<\/span><\/p>\n<p><span style=\"font-weight: 400;\">Ein gut gestalteter Prozess vermeidet unn\u00f6tige Ausf\u00e4lle und verbessert die Effizienz der Produktion. F\u00fcr Auftraggeber bedeutet das mehr Sicherheit \u00fcber Qualit\u00e4t, geringere Fehlerkosten und einen Prozess, der besser skalierbar ist. Damit ist eine erfahrene Gie\u00dferei nicht nur ausf\u00fchrend, sondern auch ein wichtiges Glied in der technischen Machbarkeit des Endprodukts.<\/span><\/p>\n<h2><span style=\"font-weight: 400;\">\u00dcbernahme und Kontinuit\u00e4t der bestehenden Stempelproduktion<\/span><\/h2>\n<p><span style=\"font-weight: 400;\">Manchmal liegt die Herausforderung nicht in einem v\u00f6llig neuen Weg, sondern in der Fortsetzung eines bestehenden Produktionsprozesses. Bei der \u00dcbernahme von Werkzeugen und bestehenden Produktionslinien ist es wichtig, zuerst zu beurteilen, ob Stempel, Einstellungen und das Qualit\u00e4tsniveau noch den heutigen Anforderungen entsprechen.<\/span><\/p>\n<p><span style=\"font-weight: 400;\">Innerhalb solcher Strecken werden bestehende Werkzeuge kontrolliert, gewartet und erneut getestet, damit die Produktion sicher und verl\u00e4sslich wieder aufgenommen werden kann. Das ist relevant f\u00fcr Organisationen, die die Kontinuit\u00e4t ihrer Pr\u00e4ge- oder Stanzeisen sicherstellen wollen, ohne komplett von vorne beginnen zu m\u00fcssen.<\/span><\/p>\n<h2><span style=\"font-weight: 400;\">Mehr wissen \u00fcber Stanzen?<\/span><\/h2>\n<p><span style=\"font-weight: 400;\">M\u00f6chten Sie mehr \u00fcber unseren Ansatz im Stanzen, Pressen, Metallstanzen und andere Anwendungen im Stanzbereich erfahren? Auf der c<a href=\"https:\/\/euro-techniek.nl\/de\/expertise\/stanzen-und-tiefziehen\/\">Kategorieseite \u00fcber Stanzen<\/a> finden Sie mehr Informationen \u00fcber unsere Vorgehensweise und M\u00f6glichkeiten.<\/span><\/p>\n<\/div><\/div><\/div><\/div><\/div><\/div><\/div><\/section>","protected":false},"excerpt":{"rendered":"StansenVoor veel metalen onderdelen begint kwaliteit bij een nauwkeurig en stabiel stansproces. Binnen de stanserij van Euro-Techniek draait stansen om precisie, reproduceerbaarheid en een effici\u00ebnte inrichting van productie. Of het nu gaat om fijn technisch werk of grotere series, een goed ingericht proces maakt het verschil in kwaliteit en leverbetrouwbaarheid. Bedrijven die metalen onderdelen willen...","protected":false},"author":11,"featured_media":0,"parent":0,"menu_order":0,"comment_status":"closed","ping_status":"closed","template":"","meta":{"_acf_changed":false,"_seopress_robots_primary_cat":"","_seopress_titles_title":"Stansen en stampwerk in metaal | Euro-Techniek","_seopress_titles_desc":"Meer weten over stansen, stamp en metaal ponsen? Euro-Techniek ondersteunt bij het stansen, vormen, dieptrekken en precisiewerk in de stanserij.","_seopress_robots_index":"","footnotes":""},"class_list":["post-3843","page","type-page","status-publish"],"acf":[],"_links":{"self":[{"href":"https:\/\/euro-techniek.nl\/de\/wp-json\/wp\/v2\/pages\/3843","targetHints":{"allow":["GET"]}}],"collection":[{"href":"https:\/\/euro-techniek.nl\/de\/wp-json\/wp\/v2\/pages"}],"about":[{"href":"https:\/\/euro-techniek.nl\/de\/wp-json\/wp\/v2\/types\/page"}],"author":[{"embeddable":true,"href":"https:\/\/euro-techniek.nl\/de\/wp-json\/wp\/v2\/users\/11"}],"replies":[{"embeddable":true,"href":"https:\/\/euro-techniek.nl\/de\/wp-json\/wp\/v2\/comments?post=3843"}],"version-history":[{"count":0,"href":"https:\/\/euro-techniek.nl\/de\/wp-json\/wp\/v2\/pages\/3843\/revisions"}],"wp:attachment":[{"href":"https:\/\/euro-techniek.nl\/de\/wp-json\/wp\/v2\/media?parent=3843"}],"curies":[{"name":"Welt","href":"https:\/\/api.w.org\/{rel}","templated":true}]}}