{"id":3846,"date":"2026-04-07T16:42:46","date_gmt":"2026-04-07T14:42:46","guid":{"rendered":"https:\/\/euro-techniek.nl\/?page_id=3846"},"modified":"2026-04-07T16:43:59","modified_gmt":"2026-04-07T14:43:59","slug":"spritzguss-von-kleinserien-bis-zu-grossserien","status":"publish","type":"page","link":"https:\/\/euro-techniek.nl\/de\/spuitgieten-van-kleine-serie-tot-groot-volume\/","title":{"rendered":"Spritzgie\u00dfen"},"content":{"rendered":"<section class=\"l-section wpb_row us_custom_b710dbbf height_large color_primary with_img\"><div class=\"l-section-img\" role=\"img\" aria-label=\"Bild\" data-img-width=\"2560\" data-img-height=\"516\" style=\"background-image: url(https:\/\/euro-techniek.nl\/wp-content\/uploads\/2025\/07\/content-header-background-eurotechniek-scaled.jpg);\"><\/div><div class=\"l-section-h i-cf\"><div class=\"g-cols vc_row via_flex valign_top type_default stacking_default\"><div class=\"vc_col-sm-6 wpb_column vc_column_container\"><div class=\"vc_column-inner\"><div class=\"wpb_wrapper\"><h1 class=\"w-text\"><span class=\"w-text-h\"><span class=\"w-text-value\">Spritzgie\u00dfen<\/span><\/span><\/h1><\/div><\/div><\/div><div class=\"vc_col-sm-6 wpb_column vc_column_container\"><div class=\"vc_column-inner\"><div class=\"wpb_wrapper\"><\/div><\/div><\/div><\/div><\/div><\/section><section class=\"l-section wpb_row height_large\"><div class=\"l-section-h i-cf\"><div class=\"g-cols vc_row via_flex valign_top type_default stacking_default\"><div class=\"vc_col-sm-12 wpb_column vc_column_container\"><div class=\"vc_column-inner\"><div class=\"wpb_wrapper\"><div class=\"wpb_text_column\"><div class=\"wpb_wrapper\"><p><span style=\"font-weight: 400;\">Ein zuverl\u00e4ssiger Produktionsprozess beginnt mit der richtigen Kombination aus Material, Form, Spritzgussprozess und Prozesskontrolle. Innerhalb der <a href=\"https:\/\/euro-techniek.nl\/de\/expertise\/spritzgiesen\/\">Spritzgie\u00dferei von Euro-Technik<\/a> stellt Qualit\u00e4t in den Mittelpunkt, von der ersten Produktionsphase bis zur stabilen Serienfertigung. Als spezialisiertes Spritzgussunternehmen unterst\u00fctzen wir verschiedene Organisationen bei der Realisierung hochwertiger Kunststoffteile f\u00fcr technische Anwendungen.<\/span><\/p>\n<p><span style=\"font-weight: 400;\">Ob funktionale Komponenten, komplexe Anwendungen oder skalierbare Produktionen: Spritzgie\u00dfen von Kunststoffen erfordert Wissen \u00fcber Materialverhalten, Machbarkeit und Qualit\u00e4tssicherung. Gerade deshalb ist ein erfahrener Partner in der Kunststoff-Spritzgie\u00dferei von gro\u00dfem Wert.<\/span><\/p>\n<h2><span style=\"font-weight: 400;\">Kunststoff-Spritzguss vom Prototyp bis zur Serie<\/span><\/h2>\n<p><span style=\"font-weight: 400;\">Innerhalb einer modernen Spritzgie\u00dferei geht es nicht nur um Mengen, sondern auch um Flexibilit\u00e4t. Einige Wege beginnen mit einer Probefertigung oder einer kleinen Serie Spritzguss, w\u00e4hrend andere Projekte direkt auf eine strukturelle Fertigung in gr\u00f6\u00dferen Mengen abzielen. In beiden F\u00e4llen ist es wichtig, dass Prozess und Werkzeuge gut auf die Anwendung abgestimmt sind.<\/span><\/p>\n<p><span style=\"font-weight: 400;\">F\u00fcr Unternehmen, die Kunststoffteile herstellen lassen, ist Skalierbarkeit oft ein wichtiger Schwerpunkt. Ein Produkt muss in der ersten Phase gut funktionieren, aber auch sp\u00e4ter zuverl\u00e4ssig und effizient hergestellt werden k\u00f6nnen. Daher wird beim Kunststoff-Spritzgie\u00dfen fr\u00fch auf Wiederholgenauigkeit, Qualit\u00e4t und zuk\u00fcnftige Skalierung geachtet.<\/span><\/p>\n<p><span style=\"font-weight: 400;\">Dieser Ansatz erm\u00f6glicht es, sowohl einfache als auch komplexe Spritzgussprodukte gezielt zu entwickeln und zu produzieren.<\/span><\/p>\n<h2><span style=\"font-weight: 400;\">Spritzgussunternehmen f\u00fcr technische Kunststoffanwendungen<\/span><\/h2>\n<p><span style=\"font-weight: 400;\">Ein spezialisierter Spritzgussbetrieb blickt \u00fcber die reine Produktion eines Teils hinaus. Beim Kunststoffspritzguss spielen Materialauswahl, Toleranzen, Werkzeugaufbau und Nachbearbeitung (Beschichtungen) eine Rolle f\u00fcr das Endergebnis. Insbesondere bei hochwertigen Anwendungen ist ein integrierter Ansatz unerl\u00e4sslich.<\/span><\/p>\n<p><span style=\"font-weight: 400;\">Eine erfahrene Kunststoff-Spritzgussschmiede kann bei unterschiedlichsten Fragestellungen unterst\u00fctzen, von funktionalen Prototypen bis hin zur vollst\u00e4ndigen Serienproduktion. Dabei geht es nicht nur um Kunststoff-Spritzguss, sondern auch um die Beherrschung von Qualit\u00e4t, Ma\u00dfhaltigkeit und Verarbeitbarkeit w\u00e4hrend des gesamten Prozesses. Materialien, die wir unter anderem verarbeiten, sind PEEK, ABS, PC\/ABS, TPE, TPV, PP und LCP.<\/span><\/p>\n<p><span style=\"font-weight: 400;\">F\u00fcr Organisationen, die Kunststoffteile herstellen lassen, bietet dies mehr Kontrolle \u00fcber Kosten, Leistung und Lieferzuverl\u00e4ssigkeit.<\/span><\/p>\n<h2><span style=\"font-weight: 400;\">Kleine Serie Spritzguss und Hochskalieren zur Menge<\/span><\/h2>\n<p><span style=\"font-weight: 400;\">Nicht jedes Projekt beginnt direkt mit hohen St\u00fcckzahlen. Regelm\u00e4\u00dfig ist Kleinserienspritzguss der richtige Schritt, um ein Produkt zu testen, die Marktnachfrage zu bewerten oder einen Produktionsprozess schrittweise aufzubauen. Von dort aus kann sp\u00e4ter auf gr\u00f6\u00dfere Volumina skaliert werden, ohne dass die technischen Ausgangspunkte verloren gehen.<\/span><\/p>\n<p><span style=\"font-weight: 400;\">Innerhalb der Spritzgie\u00dffertigung ist das ein wichtiger Vorteil: Ein Prozess kann schrittweise mit dem Bedarf des Kunden mitwachsen. Dadurch bleibt Kunststoffspritzgie\u00dfen sowohl f\u00fcr Start-ups als auch f\u00fcr etablierte Unternehmen, die Flexibilit\u00e4t in ihrem Produktionsansatz ben\u00f6tigen, interessant.<\/span><\/p>\n<h2><span style=\"font-weight: 400;\">Qualit\u00e4t und Pr\u00e4zision in der Kunststoff-Spritzgie\u00dferei<\/span><\/h2>\n<p><span style=\"font-weight: 400;\">Die Qualit\u00e4t von Spritzgussprodukten wird durch mehr als nur den Spritzgussprozess selbst bestimmt. Auch Werkzeuge, Maschineneinstellungen, Nachbearbeitung, Montage und Kontrollprozesse haben gro\u00dfen Einfluss auf das Endergebnis. Eine professionelle Kunststoff-Spritzerei konzentriert sich daher auf den gesamten Prozess, von der Produktion bis zur Qualit\u00e4tssicherung.<\/span><\/p>\n<p><span style=\"font-weight: 400;\">F\u00fcr technische M\u00e4rkte, wie Industrie, Automotive, Medizin und Gesundheitswesen, gelten oft zus\u00e4tzliche Anforderungen. In solchen Prozessen muss ein Spritzgussunternehmen nicht nur pr\u00e4zise fertigen, sondern auch Prozesse beherrschen, dokumentieren und, wo n\u00f6tig, validieren.<\/span><\/p>\n<p><span style=\"font-weight: 400;\">Dies gilt insbesondere f\u00fcr das medizinische Spritzgie\u00dfen, wo Zuverl\u00e4ssigkeit, R\u00fcckverfolgbarkeit und gleichbleibende Qualit\u00e4t unerl\u00e4sslich sind. Gerade bei diesen Anwendungen ist fundierte Erfahrung im Kunststoffspritzgie\u00dfen von gro\u00dfer Bedeutung.<\/span><\/p>\n<h2><span style=\"font-weight: 400;\">Mehr erfahren \u00fcber Spritzgie\u00dfen?<\/span><\/h2>\n<p><span style=\"font-weight: 400;\">M\u00f6chten Sie mehr \u00fcber unseren Ansatz im Spritzgie\u00dfen, die M\u00f6glichkeiten einer spezialisierten Spritzgie\u00dferei und den Einsatz von Kunststoffspritzguss f\u00fcr verschiedene Anwendungen erfahren? Auf der <a href=\"https:\/\/euro-techniek.nl\/de\/expertise\/spritzgiesen\/\">Kategorieseite \u00fcber Spritzgie\u00dfen<\/a> finden Sie mehr Informationen \u00fcber unsere Expertise und Arbeitsweise.<\/span><\/p>\n<\/div><\/div><\/div><\/div><\/div><\/div><\/div><\/section>","protected":false},"excerpt":{"rendered":"SpuitgietenEen betrouwbaar productieproces begint met de juiste combinatie van materiaal, matrijs, spuitgietproces, en procesbeheersing. Binnen de spuitgieterij van Euro-Techniek staat kwaliteit centraal, van de eerste productiefase tot stabiele serieproductie. Als gespecialiseerd spuitgietbedrijf ondersteunen we uiteenlopende organisaties bij het realiseren van hoogwaardige kunststof onderdelen voor technische toepassingen. Of het nu gaat om functionele componenten, complexe toepassingen...","protected":false},"author":11,"featured_media":0,"parent":0,"menu_order":0,"comment_status":"closed","ping_status":"closed","template":"","meta":{"_acf_changed":false,"_seopress_robots_primary_cat":"","_seopress_titles_title":"Kunststof spuitgieten en spuitgieterij | Euro-Techniek","_seopress_titles_desc":"Meer weten over kunststof spuitgieten? Euro-Techniek is een ervaren spuitgietbedrijf voor kleine serie spuitgieten, hoge volumes en medisch spuitgieten.","_seopress_robots_index":"","footnotes":""},"class_list":["post-3846","page","type-page","status-publish"],"acf":[],"_links":{"self":[{"href":"https:\/\/euro-techniek.nl\/de\/wp-json\/wp\/v2\/pages\/3846","targetHints":{"allow":["GET"]}}],"collection":[{"href":"https:\/\/euro-techniek.nl\/de\/wp-json\/wp\/v2\/pages"}],"about":[{"href":"https:\/\/euro-techniek.nl\/de\/wp-json\/wp\/v2\/types\/page"}],"author":[{"embeddable":true,"href":"https:\/\/euro-techniek.nl\/de\/wp-json\/wp\/v2\/users\/11"}],"replies":[{"embeddable":true,"href":"https:\/\/euro-techniek.nl\/de\/wp-json\/wp\/v2\/comments?post=3846"}],"version-history":[{"count":0,"href":"https:\/\/euro-techniek.nl\/de\/wp-json\/wp\/v2\/pages\/3846\/revisions"}],"wp:attachment":[{"href":"https:\/\/euro-techniek.nl\/de\/wp-json\/wp\/v2\/media?parent=3846"}],"curies":[{"name":"Welt","href":"https:\/\/api.w.org\/{rel}","templated":true}]}}