{"id":3851,"date":"2026-04-07T16:47:17","date_gmt":"2026-04-07T14:47:17","guid":{"rendered":"https:\/\/euro-techniek.nl\/?page_id=3851"},"modified":"2026-04-07T16:47:17","modified_gmt":"2026-04-07T14:47:17","slug":"montage-im-reinraum","status":"publish","type":"page","link":"https:\/\/euro-techniek.nl\/de\/cleanroom-assembleren\/","title":{"rendered":"Reinraummontage"},"content":{"rendered":"<section class=\"l-section wpb_row us_custom_b710dbbf height_large color_primary with_img\"><div class=\"l-section-img\" role=\"img\" aria-label=\"Bild\" data-img-width=\"2560\" data-img-height=\"516\" style=\"background-image: url(https:\/\/euro-techniek.nl\/wp-content\/uploads\/2025\/07\/content-header-background-eurotechniek-scaled.jpg);\"><\/div><div class=\"l-section-h i-cf\"><div class=\"g-cols vc_row via_flex valign_top type_default stacking_default\"><div class=\"vc_col-sm-6 wpb_column vc_column_container\"><div class=\"vc_column-inner\"><div class=\"wpb_wrapper\"><h1 class=\"w-text\"><span class=\"w-text-h\"><span class=\"w-text-value\">Reinraummontage<\/span><\/span><\/h1><\/div><\/div><\/div><div class=\"vc_col-sm-6 wpb_column vc_column_container\"><div class=\"vc_column-inner\"><div class=\"wpb_wrapper\"><\/div><\/div><\/div><\/div><\/div><\/section><section class=\"l-section wpb_row height_large\"><div class=\"l-section-h i-cf\"><div class=\"g-cols vc_row via_flex valign_top type_default stacking_default\"><div class=\"vc_col-sm-12 wpb_column vc_column_container\"><div class=\"vc_column-inner\"><div class=\"wpb_wrapper\"><div class=\"wpb_text_column\"><div class=\"wpb_wrapper\"><p><span style=\"font-weight: 400;\">Bei technischen Produkten ist eine sorgf\u00e4ltige Verarbeitung oft ebenso wichtig wie die Herstellung selbst. Innerhalb des Prozesses der <a href=\"https:\/\/euro-techniek.nl\/de\/expertise\/montage\/\">zusammenbauen<\/a> Teile wurden zusammengef\u00fchrt, gepr\u00fcft und getestet, sodass das Endprodukt die gestellten Anforderungen in Bezug auf Qualit\u00e4t, Funktionalit\u00e4t und Zuverl\u00e4ssigkeit erf\u00fcllt. Eine durchdachte Montage ist damit ein entscheidender Schritt im gesamten Produktionsprozess. Hierbei stehen uns ISO 7 und 8 zur Verf\u00fcgung. .<\/span><\/p>\n<p><span style=\"font-weight: 400;\">Afhankelijk van het type product en de toepassing kunnen de eisen aan reinheid, nauwkeurigheid en controle sterk verschillen. Juist daarom is het belangrijk dat assemblage plaatsvindt in een omgeving en volgens een werkwijze die past bij het einddoel van het product.<\/span><\/p>\n<h2><span style=\"font-weight: 400;\">Zusammenbau von technischen Produkten<\/span><\/h2>\n<p><span style=\"font-weight: 400;\">Innerhalb eines professionellen Produktionsprozesses geht Montage \u00fcber das blo\u00dfe Zusammenf\u00fcgen einzelner Teile hinaus. Auch Inspektion, Ma\u00dfkontrolle, Funktionstests und die richtige Handhabung sind Teil davon. Durch die gute Organisation dieser Schritte entsteht ein Prozess, der nicht nur effizient abl\u00e4uft, sondern auch zu einem konstanten Qualit\u00e4tsniveau beitr\u00e4gt.<\/span><\/p>\n<p><span style=\"font-weight: 400;\">F\u00fcr Organisationen, die technische Komponenten oder komplette Systeme herstellen lassen, ist die Montage daher ein wichtiges Bindeglied zwischen Produktion und Endanwendung. Ob es sich um eine einfache Zusammenstellung oder ein komplexeres Produkt mit mehreren Teilen handelt, eine gute Montage hilft, Fehler zu begrenzen und Leistungen zu gew\u00e4hrleisten. Ebenso ist die Vakuumleckpr\u00fcfung eine Technik, die wir im Haus haben.\u00a0<\/span><\/p>\n<h2><span style=\"font-weight: 400;\">Reinraum-Montage f\u00fcr kritische Anwendungen<\/span><\/h2>\n<p><span style=\"font-weight: 400;\">Manche Produkte ben\u00f6tigen eine zus\u00e4tzliche Kontrolle der Umgebung, in der sie montiert werden. In solchen F\u00e4llen ist die Reinraum-Montage eine logische Wahl. Innerhalb eines kontrollierten Raumes k\u00f6nnen Produkte unter strengen Bedingungen montiert werden, wodurch die Wahrscheinlichkeit von Verunreinigungen oder unerw\u00fcnschten Partikeln stark reduziert wird.<\/span><\/p>\n<p><span style=\"font-weight: 400;\">Reinraum-Assemblage ist insbesondere relevant f\u00fcr Anwendungen in unter anderem dem medizinischen Sektor, der Elektronik und anderen Industrien, wo hohe Anforderungen an Reinheit und Prozesskontrolle gestellt werden. In solchen Prozessen ist nicht nur das Endprodukt wichtig, sondern auch die Art und Weise, wie Teile verarbeitet, kontrolliert und verpackt werden.<\/span><\/p>\n<h2><span style=\"font-weight: 400;\">Elektronikmontage in Reinraumumgebungen<\/span><\/h2>\n<p><span style=\"font-weight: 400;\">F\u00fcr empfindliche Komponenten spielt die Umgebungssteuerung eine gro\u00dfe Rolle. Elektronikmontage-Reinr\u00e4ume sind daher ein wichtiges Anwendungsgebiet innerhalb der hochwertigen Fertigung. Bei elektronischen Bauteilen k\u00f6nnen selbst kleine Verunreinigungen die Leistung, Zuverl\u00e4ssigkeit oder Lebensdauer beeinflussen.<\/span><\/p>\n<p><span style=\"font-weight: 400;\">Durch die Durchf\u00fchrung von Elektronikmontage in einem Reinraum innerhalb einer kontrollierten Umgebung entsteht mehr Sicherheit \u00fcber Produktqualit\u00e4t und Konsistenz. Das macht diesen Ansatz geeignet f\u00fcr Anwendungen, bei denen Genauigkeit und Zuverl\u00e4ssigkeit unerl\u00e4sslich sind.<\/span><\/p>\n<h2><span style=\"font-weight: 400;\">Von Reinraum-Spritzguss zur Montage<\/span><\/h2>\n<p><span style=\"font-weight: 400;\">Wenn Produktion und Veredelung gut aufeinander abgestimmt sind, entsteht ein effizienterer und zuverl\u00e4ssigerer Gesamtprozess. Daher werden Abl\u00e4ufe im Bereich Spritzguss und Montage unter Reinraumbedingungen oft zusammen betrachtet. Durch die logische Abstimmung dieser Schritte bleiben Produkte besser gesch\u00fctzt und das Risiko von Verunreinigung oder Besch\u00e4digung wird begrenzt.<\/span><\/p>\n<p><span style=\"font-weight: 400;\">F\u00fcr Unternehmen, die hohe Anforderungen an ihre Produktionskette stellen, bietet dieser integrierte Ansatz klare Vorteile. Reinraumspritzguss bildet dabei die Grundlage f\u00fcr hochwertige Kunststoffteile, w\u00e4hrend die anschlie\u00dfende Montage sicherstellt, dass das Produkt kontrolliert und sorgf\u00e4ltig zu einem einsatzf\u00e4higen Endprodukt fertiggestellt wird.<\/span><\/p>\n<h2><span style=\"font-weight: 400;\">Mehr wissen \u00fcber zusammenbauen?<\/span><\/h2>\n<p><span style=\"font-weight: 400;\">M\u00f6chten Sie mehr \u00fcber unseren Ansatz in Bezug auf Montage, Assemblage, Reinraum-Assemblage und die Kombination mit Reinraum-Spritzguss erfahren? Auf der <a href=\"https:\/\/euro-techniek.nl\/de\/expertise\/montage\/\">Kategorieseite \u00fcber das Zusammenbauen<\/a> finden Sie mehr Informationen \u00fcber unsere Vorgehensweise und M\u00f6glichkeiten.<\/span><\/p>\n<\/div><\/div><\/div><\/div><\/div><\/div><\/div><\/section>","protected":false},"excerpt":{"rendered":"Cleanroom assemblerenBij technische producten is een zorgvuldige afwerking vaak net zo belangrijk als de productie zelf. Binnen het proces van assembleren worden onderdelen samengebracht, gecontroleerd en getest, zodat het eindproduct voldoet aan de gestelde eisen op het gebied van kwaliteit, functionaliteit en betrouwbaarheid. Een doordachte assemblage is daarmee een cruciale stap in het totale productietraject....","protected":false},"author":11,"featured_media":0,"parent":0,"menu_order":0,"comment_status":"closed","ping_status":"closed","template":"","meta":{"_acf_changed":false,"_seopress_robots_primary_cat":"","_seopress_titles_title":"Cleanroom assemblage en assembleren | Euro-Techniek","_seopress_titles_desc":"Meer weten over cleanroom assemblage? Euro-Techniek helpt bij assemblage van technische producten, cleanroom spuitgieten en elektronica assemblage.","_seopress_robots_index":"","footnotes":""},"class_list":["post-3851","page","type-page","status-publish"],"acf":[],"_links":{"self":[{"href":"https:\/\/euro-techniek.nl\/de\/wp-json\/wp\/v2\/pages\/3851","targetHints":{"allow":["GET"]}}],"collection":[{"href":"https:\/\/euro-techniek.nl\/de\/wp-json\/wp\/v2\/pages"}],"about":[{"href":"https:\/\/euro-techniek.nl\/de\/wp-json\/wp\/v2\/types\/page"}],"author":[{"embeddable":true,"href":"https:\/\/euro-techniek.nl\/de\/wp-json\/wp\/v2\/users\/11"}],"replies":[{"embeddable":true,"href":"https:\/\/euro-techniek.nl\/de\/wp-json\/wp\/v2\/comments?post=3851"}],"version-history":[{"count":0,"href":"https:\/\/euro-techniek.nl\/de\/wp-json\/wp\/v2\/pages\/3851\/revisions"}],"wp:attachment":[{"href":"https:\/\/euro-techniek.nl\/de\/wp-json\/wp\/v2\/media?parent=3851"}],"curies":[{"name":"Welt","href":"https:\/\/api.w.org\/{rel}","templated":true}]}}