{"id":3855,"date":"2026-04-07T16:50:28","date_gmt":"2026-04-07T14:50:28","guid":{"rendered":"https:\/\/euro-techniek.nl\/?page_id=3855"},"modified":"2026-04-07T16:50:28","modified_gmt":"2026-04-07T14:50:28","slug":"lieferkette-fur-kunststoff-und-metallproduktion","status":"publish","type":"page","link":"https:\/\/euro-techniek.nl\/de\/supply-chain-voor-kunststof-en-metaalproductie\/","title":{"rendered":"Integrierte Lieferkette f\u00fcr Kunststoff- und Metallproduktion"},"content":{"rendered":"<section class=\"l-section wpb_row us_custom_b710dbbf height_large color_primary with_img\"><div class=\"l-section-img\" role=\"img\" aria-label=\"Bild\" data-img-width=\"2560\" data-img-height=\"516\" style=\"background-image: url(https:\/\/euro-techniek.nl\/wp-content\/uploads\/2025\/07\/content-header-background-eurotechniek-scaled.jpg);\"><\/div><div class=\"l-section-h i-cf\"><div class=\"g-cols vc_row via_flex valign_top type_default stacking_default\"><div class=\"vc_col-sm-6 wpb_column vc_column_container\"><div class=\"vc_column-inner\"><div class=\"wpb_wrapper\"><h1 class=\"w-text\"><span class=\"w-text-h\"><span class=\"w-text-value\">Integrierte Lieferkette f\u00fcr Kunststoff- und Metallproduktion<\/span><\/span><\/h1><\/div><\/div><\/div><div class=\"vc_col-sm-6 wpb_column vc_column_container\"><div class=\"vc_column-inner\"><div class=\"wpb_wrapper\"><\/div><\/div><\/div><\/div><\/div><\/section><section class=\"l-section wpb_row height_large\"><div class=\"l-section-h i-cf\"><div class=\"g-cols vc_row via_flex valign_top type_default stacking_default\"><div class=\"vc_col-sm-12 wpb_column vc_column_container\"><div class=\"vc_column-inner\"><div class=\"wpb_wrapper\"><div class=\"wpb_text_column\"><div class=\"wpb_wrapper\"><p><span style=\"font-weight: 400;\">Effiziente Produktion beginnt bei einer Kette, die gut aufeinander abgestimmt ist. Wenn Werkzeuge, Produktion, Montage und Logistik logisch organisiert sind, entsteht mehr Kontrolle \u00fcber Qualit\u00e4t, Planung und Lieferzuverl\u00e4ssigkeit. Deshalb entscheiden sich immer mehr Unternehmen f\u00fcr einen Partner, der mehrere Schritte im Prozess zusammenf\u00fchren kann.<\/span><\/p>\n<p><span style=\"font-weight: 400;\">F\u00fcr Organisationen, die in der Kunststoff- und Metallproduktion t\u00e4tig sind, bietet ein <a href=\"https:\/\/euro-techniek.nl\/de\/expertise\/lieferkette\/\">integrierter Ansatz<\/a> deutliche Vorteile. Weniger \u00dcbergabemomente sorgen oft f\u00fcr mehr \u00dcbersicht, schnellere Abstimmung und einen Produktionsprozess, der besser beherrschbar bleibt.<\/span><\/p>\n<h2><span style=\"font-weight: 400;\">Der Mehrwert einer integrierten Produktionskette<\/span><\/h2>\n<p><span style=\"font-weight: 400;\">In einer traditionellen Kette sind oft mehrere Parteien an aufeinanderfolgenden Produktionsschritten beteiligt. Das kann funktionieren, birgt aber auch zus\u00e4tzlichen Abstimmungsaufwand, l\u00e4ngere Durchlaufzeiten und mehr M\u00f6glichkeiten f\u00fcr Missverst\u00e4ndnisse. Durch die r\u00e4umliche N\u00e4he verschiedener Disziplinen entsteht eine Produktionskette, in der die Prozesse besser aufeinander abgestimmt sind.<\/span><\/p>\n<p><span style=\"font-weight: 400;\">Eine integrierte Lieferkette erm\u00f6glicht es, Werkzeuge, Produktion, Nachbearbeitung, Montage und Logistikschritte zusammenh\u00e4ngend zu betrachten. Dadurch wird es einfacher, schneller umzuschalten und m\u00f6gliche Engp\u00e4sse fr\u00fcher zu erkennen. F\u00fcr Kunden bedeutet das mehr Gelassenheit w\u00e4hrend des Prozesses und einen zentralen Produktionspartner f\u00fcr mehrere Prozessschritte.<\/span><\/p>\n<h3><span style=\"font-weight: 400;\">Von Werkzeugen bis zum Endprodukt<\/span><\/h3>\n<p><span style=\"font-weight: 400;\">Bei einem End-to-End-Ansatz geht es nicht nur um die Produktion, sondern um die vollst\u00e4ndige Beherrschung der Kette. Das beginnt bei der Entwicklung und Verf\u00fcgbarkeit von Werkzeugen, setzt sich fort in der Produktion von Bauteilen und endet erst bei der Montage, Verpackung und Lieferung.<\/span><\/p>\n<p><span style=\"font-weight: 400;\">Doordat deze stappen op elkaar zijn afgestemd, ontstaat meer grip op het totaalproces. Dat is relevant voor bedrijven die behoefte hebben aan continu\u00efteit, schaalbaarheid en duidelijke communicatie. Zeker in technische productieomgevingen, waar kwaliteitseisen hoog zijn en doorlooptijden belangrijk blijven, biedt deze manier van werken veel voordelen.<\/span><\/p>\n<h3><span style=\"font-weight: 400;\">Weniger Glieder, mehr Geschwindigkeit und Kontrolle<\/span><\/h3>\n<p><span style=\"font-weight: 400;\">Eine integrierte Kette hilft, unn\u00f6tige \u00dcbergaben zu begrenzen. Weniger Glieder bedeuten oft weniger Verz\u00f6gerung, mehr Transparenz und eine h\u00f6here Vorhersagbarkeit von Produktion und Lieferung. Auch bei \u00c4nderungen von Mengen, Planung oder Produktspezifikationen kann schneller reagiert werden, wenn die beteiligten Disziplinen eng zusammenarbeiten.<\/span><\/p>\n<p><span style=\"font-weight: 400;\">Dar\u00fcber hinaus bietet eine integrierte Lieferkette mehr M\u00f6glichkeiten zur strukturellen Qualit\u00e4tskontrolle. Wenn Design, Werkzeugbau, Produktion und Montage nicht voneinander getrennt agieren, k\u00f6nnen Prozesse besser optimiert und die Koh\u00e4renz w\u00e4hrend des gesamten Prozesses aufrechterhalten werden.<\/span><\/p>\n<h2><span style=\"font-weight: 400;\">Ein stabiler Grund f\u00fcr die Auftragsfertigung<\/span><\/h2>\n<p><span style=\"font-weight: 400;\">F\u00fcr Unternehmen, die einen zuverl\u00e4ssigen Partner f\u00fcr Lohnfertigung suchen, ist Kettenregie ein wichtiger Teil der Zusammenarbeit. Nicht nur die Produktionskapazit\u00e4t z\u00e4hlt, sondern auch die Art und Weise, wie verschiedene Schritte aufeinander abgestimmt sind und wie flexibel ein Partner auf die Nachfrage reagieren kann.<\/span><\/p>\n<p><span style=\"font-weight: 400;\">Eine integrierte Lieferkette tr\u00e4gt zu einem stabileren Prozess, geringeren Risiken in der Lieferkette und einem konsistenteren Endergebnis bei. Damit bildet dieser Ansatz eine starke Grundlage f\u00fcr Organisationen, die Zuverl\u00e4ssigkeit, Qualit\u00e4t und eine effiziente Gestaltung ihrer Produktion ben\u00f6tigen.<\/span><\/p>\n<h2><span style=\"font-weight: 400;\">Mehr \u00fcber Lieferkette erfahren?<\/span><\/h2>\n<p><span style=\"font-weight: 400;\">M\u00f6chten Sie mehr \u00fcber unseren Ansatz in Bezug auf Lieferketten, Kettenintegration und End-to-End-Produktion f\u00fcr Kunststoff- und Metallanwendungen erfahren? Auf der <a href=\"https:\/\/euro-techniek.nl\/de\/expertise\/lieferkette\/\">Kategorieseite \u00fcber Lieferkette<\/a> finden Sie mehr Informationen \u00fcber unsere Vorgehensweise und M\u00f6glichkeiten.<\/span><\/p>\n<\/div><\/div><\/div><\/div><\/div><\/div><\/div><\/section>","protected":false},"excerpt":{"rendered":"Ge\u00efntegreerde supply chain voor kunststof- en metaalproductieEen effici\u00ebnte productie begint bij een keten die goed op elkaar aansluit. Wanneer tooling, productie, assemblage en logistiek logisch georganiseerd zijn, ontstaat meer controle over kwaliteit, planning en leverbetrouwbaarheid. Daarom kiezen steeds meer bedrijven voor een partner die meerdere stappen binnen het traject kan samenbrengen. Voor organisaties die actief...","protected":false},"author":11,"featured_media":0,"parent":0,"menu_order":0,"comment_status":"closed","ping_status":"closed","template":"","meta":{"_acf_changed":false,"_seopress_robots_primary_cat":"","_seopress_titles_title":"Ge\u00efntegreerde supply chain voor productie | Euro-Techniek","_seopress_titles_desc":"E\u00e9n productiepartner voor tooling, productie en assemblage. Euro-Techniek biedt ge\u00efntegreerde supply chain met korte doorlooptijden en hoge kwaliteit.","_seopress_robots_index":"","footnotes":""},"class_list":["post-3855","page","type-page","status-publish"],"acf":[],"_links":{"self":[{"href":"https:\/\/euro-techniek.nl\/de\/wp-json\/wp\/v2\/pages\/3855","targetHints":{"allow":["GET"]}}],"collection":[{"href":"https:\/\/euro-techniek.nl\/de\/wp-json\/wp\/v2\/pages"}],"about":[{"href":"https:\/\/euro-techniek.nl\/de\/wp-json\/wp\/v2\/types\/page"}],"author":[{"embeddable":true,"href":"https:\/\/euro-techniek.nl\/de\/wp-json\/wp\/v2\/users\/11"}],"replies":[{"embeddable":true,"href":"https:\/\/euro-techniek.nl\/de\/wp-json\/wp\/v2\/comments?post=3855"}],"version-history":[{"count":0,"href":"https:\/\/euro-techniek.nl\/de\/wp-json\/wp\/v2\/pages\/3855\/revisions"}],"wp:attachment":[{"href":"https:\/\/euro-techniek.nl\/de\/wp-json\/wp\/v2\/media?parent=3855"}],"curies":[{"name":"Welt","href":"https:\/\/api.w.org\/{rel}","templated":true}]}}