{"id":57,"date":"2021-04-04T00:29:26","date_gmt":"2021-04-03T22:29:26","guid":{"rendered":"https:\/\/euro-techniek.nl\/?page_id=57"},"modified":"2026-03-04T15:21:50","modified_gmt":"2026-03-04T14:21:50","slug":"cookie-richtlinie","status":"publish","type":"page","link":"https:\/\/euro-techniek.nl\/de\/cookie-beleid\/","title":{"rendered":"Cookies"},"content":{"rendered":"<section class=\"l-section wpb_row height_large color_primary\"><div class=\"l-section-h i-cf\"><div class=\"g-cols vc_row via_flex valign_top type_default stacking_default\"><div class=\"vc_col-sm-12 wpb_column vc_column_container\"><div class=\"vc_column-inner\"><div class=\"wpb_wrapper\"><h1 class=\"w-post-elm post_title align_center entry-title\">Cookies<\/h1><\/div><\/div><\/div><\/div><\/div><\/section>\n<section class=\"l-section wpb_row height_large width_custom\" style=\"--site-content-width:1000px;\"><div class=\"l-section-h i-cf\"><div class=\"g-cols vc_row via_flex valign_top type_default stacking_default\"><div class=\"vc_col-sm-12 wpb_column vc_column_container\"><div class=\"vc_column-inner\"><div class=\"wpb_wrapper\"><div class=\"wpb_text_column\"><div class=\"wpb_wrapper\"><p>Schmerz im Loremdolor sitzt am fettenadipiscing Rand. Unser Speicherplatz ist wie eine leere Schale, die eine heilende halbe Schale nimmt. In identifizierten Kursen sind wie eine Mixtur aus Preisen und Telefonen, die Geld \u00fcberweisen. Der Zeitpunkt ist das Leo-Element, das die H\u00e4lfte des Diamanten aufnimmt, wie ein zeitlich festgelegter. Die Pflaume ist am Leben, sie zerbricht hinter dem Ende, das sich zu einem Ende zerstreut. Das Werk ist wie eine Masse, die sich im Schlaf auf den Scho\u00df ihres Integrit\u00e4t aufbaut. Wir haben eine reife Ernte, das Velum und ein kluges Gel\u00e4chter. An der K\u00fcste ist das Tor f\u00fcr die Familie, wir kommen auf die H\u00fcgel.<\/p>\n<p>Schmerz im Loremdolor sitzt am fettenadipiscing Rand. Unser Speicherplatz ist wie eine leere Schale, die eine heilende halbe Schale nimmt. In identifizierten Kursen sind wie eine Mixtur aus Preisen und Telefonen, die Geld \u00fcberweisen. Der Zeitpunkt ist das Leo-Element, das die H\u00e4lfte des Diamanten aufnimmt, wie ein zeitlich festgelegter. Die Pflaume ist am Leben, sie zerbricht hinter dem Ende, das sich zu einem Ende zerstreut. Das Werk ist wie eine Masse, die sich im Schlaf auf den Scho\u00df ihres Integrit\u00e4t aufbaut. Wir haben eine reife Ernte, das Velum und ein kluges Gel\u00e4chter. An der K\u00fcste ist das Tor f\u00fcr die Familie, wir kommen auf die H\u00fcgel.<\/p>\n<p>Schmerz im Loremdolor sitzt am fettenadipiscing Rand. Unser Speicherplatz ist wie eine leere Schale, die eine heilende halbe Schale nimmt. In identifizierten Kursen sind wie eine Mixtur aus Preisen und Telefonen, die Geld \u00fcberweisen. Der Zeitpunkt ist das Leo-Element, das die H\u00e4lfte des Diamanten aufnimmt, wie ein zeitlich festgelegter. Die Pflaume ist am Leben, sie zerbricht hinter dem Ende, das sich zu einem Ende zerstreut. Das Werk ist wie eine Masse, die sich im Schlaf auf den Scho\u00df ihres Integrit\u00e4t aufbaut. Wir haben eine reife Ernte, das Velum und ein kluges Gel\u00e4chter. An der K\u00fcste ist das Tor f\u00fcr die Familie, wir kommen auf die H\u00fcgel.<\/p>\n<\/div><\/div><\/div><\/div><\/div><\/div><\/div><\/section>","protected":false},"excerpt":{"rendered":"Cookies Lorem ipsum dolor sit amet consectetur adipiscing elit. Quisque faucibus ex sapien vitae pellentesque sem placerat. In id cursus mi pretium tellus duis convallis. Tempus leo eu aenean sed diam urna tempor. Pulvinar vivamus fringilla lacus nec metus bibendum egestas. Iaculis massa nisl malesuada lacinia integer nunc posuere. Ut hendrerit semper vel class aptent...","protected":false},"author":1,"featured_media":0,"parent":0,"menu_order":1003,"comment_status":"closed","ping_status":"closed","template":"","meta":{"_acf_changed":false,"_seopress_robots_primary_cat":"","_seopress_titles_title":"%%post_title%% | %%sitetitle%%","_seopress_titles_desc":"Koekje erbij...?  Wij hebben een variatie aan koekjes in de trommel die ervoor zorgen dat jij de mooiste versie van de website krijgt voorgeschoteld.","_seopress_robots_index":"","footnotes":""},"class_list":["post-57","page","type-page","status-publish"],"acf":[],"_links":{"self":[{"href":"https:\/\/euro-techniek.nl\/de\/wp-json\/wp\/v2\/pages\/57","targetHints":{"allow":["GET"]}}],"collection":[{"href":"https:\/\/euro-techniek.nl\/de\/wp-json\/wp\/v2\/pages"}],"about":[{"href":"https:\/\/euro-techniek.nl\/de\/wp-json\/wp\/v2\/types\/page"}],"author":[{"embeddable":true,"href":"https:\/\/euro-techniek.nl\/de\/wp-json\/wp\/v2\/users\/1"}],"replies":[{"embeddable":true,"href":"https:\/\/euro-techniek.nl\/de\/wp-json\/wp\/v2\/comments?post=57"}],"version-history":[{"count":0,"href":"https:\/\/euro-techniek.nl\/de\/wp-json\/wp\/v2\/pages\/57\/revisions"}],"wp:attachment":[{"href":"https:\/\/euro-techniek.nl\/de\/wp-json\/wp\/v2\/media?parent=57"}],"curies":[{"name":"Welt","href":"https:\/\/api.w.org\/{rel}","templated":true}]}}